{"id":94,"date":"2018-01-07T16:57:24","date_gmt":"2018-01-07T16:57:24","guid":{"rendered":"http:\/\/localhost\/wordpress\/?page_id=94"},"modified":"2018-01-07T16:57:24","modified_gmt":"2018-01-07T16:57:24","slug":"referenzen","status":"publish","type":"page","link":"https:\/\/www.thulke-komtec.de\/?page_id=94","title":{"rendered":"Referenzen"},"content":{"rendered":"<p>Die Thulke Kommmunikationstechnik GmbH ist seit Jahren mit Produkten unterschiedlicher Hersteller f\u00fcr seine Kunden t\u00e4tig.<br \/>\nSo wurden Leistungen erbracht f\u00fcr:<\/p>\n<ul>\n<li>Industrie- und Gewerbebetriebe<\/li>\n<li>Handel, Banken und Hotels<\/li>\n<li>Arztpraxen und Privatpersonen<\/li>\n<\/ul>\n<p>Aus datenrechtlichen Gr\u00fcnden k\u00f6nnen wir hier keine namentliche Referenzliste darstellen.<br \/>\nM\u00f6chten Sie mehr Informationen? Dann fordern Sie bei uns eine aktuelle Referenzliste an.<\/p>\n","protected":false},"excerpt":{"rendered":"<p>Die Thulke Kommmunikationstechnik GmbH ist seit Jahren mit Produkten unterschiedlicher Hersteller f\u00fcr seine Kunden t\u00e4tig. So wurden Leistungen erbracht f\u00fcr:[&#8230;]<\/p>\n","protected":false},"author":2,"featured_media":0,"parent":0,"menu_order":0,"comment_status":"closed","ping_status":"closed","template":"","meta":{"footnotes":""},"class_list":["post-94","page","type-page","status-publish","hentry"],"_links":{"self":[{"href":"https:\/\/www.thulke-komtec.de\/index.php?rest_route=\/wp\/v2\/pages\/94","targetHints":{"allow":["GET"]}}],"collection":[{"href":"https:\/\/www.thulke-komtec.de\/index.php?rest_route=\/wp\/v2\/pages"}],"about":[{"href":"https:\/\/www.thulke-komtec.de\/index.php?rest_route=\/wp\/v2\/types\/page"}],"author":[{"embeddable":true,"href":"https:\/\/www.thulke-komtec.de\/index.php?rest_route=\/wp\/v2\/users\/2"}],"replies":[{"embeddable":true,"href":"https:\/\/www.thulke-komtec.de\/index.php?rest_route=%2Fwp%2Fv2%2Fcomments&post=94"}],"version-history":[{"count":0,"href":"https:\/\/www.thulke-komtec.de\/index.php?rest_route=\/wp\/v2\/pages\/94\/revisions"}],"wp:attachment":[{"href":"https:\/\/www.thulke-komtec.de\/index.php?rest_route=%2Fwp%2Fv2%2Fmedia&parent=94"}],"curies":[{"name":"wp","href":"https:\/\/api.w.org\/{rel}","templated":true}]}}