{"id":92,"date":"2018-01-07T16:55:34","date_gmt":"2018-01-07T16:55:34","guid":{"rendered":"http:\/\/localhost\/wordpress\/?page_id=92"},"modified":"2018-01-07T16:55:34","modified_gmt":"2018-01-07T16:55:34","slug":"partner","status":"publish","type":"page","link":"https:\/\/www.thulke-komtec.de\/?page_id=92","title":{"rendered":"Partner"},"content":{"rendered":"<p><b>Als Handelspartner von:<\/b><\/p>\n<p>AGFEO, Alcatel, Auerswald, Bosch\/Tenovis\/Avaya, Brother, Elmeg, NEC\/Philips, Telenot, Samsung, SECCOR, Siemens, u.a.<\/p>\n<p>k\u00f6nnen Sie eine kompetente Zusammenarbeit erwarten.<\/p>\n<p>&#8212;&#8212;&#8212;&#8212;&#8212;&#8212;&#8212;&#8212;&#8212;&#8212;&#8212;&#8212;&#8212;&#8212;&#8212;&#8212;&#8212;&#8212;-<\/p>\n<p><b>Gemeinsam sind wir stark.<\/b><\/p>\n<p>Das gilt auch f\u00fcr das <b>&#8222;TK-Partner-Net&#8220;<\/b>, in dem wir als Mitglied der ersten Stunde im Zusammenschluss mit vertrauten und bew\u00e4hrten Fachunternehmen eng zusammenarbeiten.<\/p>\n<p>Diese Zusammenarbeit bietet Ihnen die M\u00f6glichkeit von professionellen, \u00fcberregionalen L\u00f6sungen von Kommunikationssystemen zu profitieren und dennoch den bew\u00e4hrten Ansprechpartner und Service vor Ort zu nutzen.<\/p>\n<p>Fachunternehmen aus dem Bereich der professionellen Telekommunikation (TK) und Informationstechnologie (IT) haben sich zusammengeschlossen, um Ihnen den optimalen bundesweiten Service f\u00fcr Ihr Telefonsystem zu gew\u00e4hrleisten. In der Zusammenarbeit bieten Ihnen alle Partner ein fl\u00e4chendeckendes, ausgereiftes TK-Dienstleistungskonzept.<\/p>\n","protected":false},"excerpt":{"rendered":"<p>Als Handelspartner von: AGFEO, Alcatel, Auerswald, Bosch\/Tenovis\/Avaya, Brother, Elmeg, NEC\/Philips, Telenot, Samsung, SECCOR, Siemens, u.a. k\u00f6nnen Sie eine kompetente Zusammenarbeit[&#8230;]<\/p>\n","protected":false},"author":2,"featured_media":0,"parent":0,"menu_order":0,"comment_status":"closed","ping_status":"closed","template":"","meta":{"footnotes":""},"class_list":["post-92","page","type-page","status-publish","hentry"],"_links":{"self":[{"href":"https:\/\/www.thulke-komtec.de\/index.php?rest_route=\/wp\/v2\/pages\/92","targetHints":{"allow":["GET"]}}],"collection":[{"href":"https:\/\/www.thulke-komtec.de\/index.php?rest_route=\/wp\/v2\/pages"}],"about":[{"href":"https:\/\/www.thulke-komtec.de\/index.php?rest_route=\/wp\/v2\/types\/page"}],"author":[{"embeddable":true,"href":"https:\/\/www.thulke-komtec.de\/index.php?rest_route=\/wp\/v2\/users\/2"}],"replies":[{"embeddable":true,"href":"https:\/\/www.thulke-komtec.de\/index.php?rest_route=%2Fwp%2Fv2%2Fcomments&post=92"}],"version-history":[{"count":1,"href":"https:\/\/www.thulke-komtec.de\/index.php?rest_route=\/wp\/v2\/pages\/92\/revisions"}],"predecessor-version":[{"id":488,"href":"https:\/\/www.thulke-komtec.de\/index.php?rest_route=\/wp\/v2\/pages\/92\/revisions\/488"}],"wp:attachment":[{"href":"https:\/\/www.thulke-komtec.de\/index.php?rest_route=%2Fwp%2Fv2%2Fmedia&parent=92"}],"curies":[{"name":"wp","href":"https:\/\/api.w.org\/{rel}","templated":true}]}}