{"id":84,"date":"2018-01-07T16:52:59","date_gmt":"2018-01-07T16:52:59","guid":{"rendered":"http:\/\/localhost\/wordpress\/?page_id=84"},"modified":"2018-02-04T14:48:21","modified_gmt":"2018-02-04T14:48:21","slug":"tursprecheinrichtung","status":"publish","type":"page","link":"https:\/\/www.thulke-komtec.de\/?page_id=84","title":{"rendered":"T\u00fcrsprecheinrichtung"},"content":{"rendered":"<h2>T\u00fcrsprecheinrichtung<\/h2>\n<ul>\n<li>Rufumleitung an abgesetzte Zielstelle<\/li>\n<li>Uhrzeitbedingte Zuweisung von Ruft\u00f6nen<\/li>\n<li>Steuerung des T\u00fcrschlie\u00dfmechanismus<\/li>\n<\/ul>\n<p><img loading=\"lazy\" decoding=\"async\" class=\"alignleft size-full wp-image-360\" src=\"https:\/\/thulke-komtec.de\/wp-content\/uploads\/2018\/02\/RTEmagicC_xn120_IPC-Tuersprecheinrichtung.jpg.jpg\" alt=\"\" width=\"250\" height=\"162\" \/><\/p>\n","protected":false},"excerpt":{"rendered":"<p>T\u00fcrsprecheinrichtung Rufumleitung an abgesetzte Zielstelle Uhrzeitbedingte Zuweisung von Ruft\u00f6nen Steuerung des T\u00fcrschlie\u00dfmechanismus<\/p>\n","protected":false},"author":2,"featured_media":0,"parent":74,"menu_order":0,"comment_status":"closed","ping_status":"closed","template":"","meta":{"footnotes":""},"class_list":["post-84","page","type-page","status-publish","hentry"],"_links":{"self":[{"href":"https:\/\/www.thulke-komtec.de\/index.php?rest_route=\/wp\/v2\/pages\/84","targetHints":{"allow":["GET"]}}],"collection":[{"href":"https:\/\/www.thulke-komtec.de\/index.php?rest_route=\/wp\/v2\/pages"}],"about":[{"href":"https:\/\/www.thulke-komtec.de\/index.php?rest_route=\/wp\/v2\/types\/page"}],"author":[{"embeddable":true,"href":"https:\/\/www.thulke-komtec.de\/index.php?rest_route=\/wp\/v2\/users\/2"}],"replies":[{"embeddable":true,"href":"https:\/\/www.thulke-komtec.de\/index.php?rest_route=%2Fwp%2Fv2%2Fcomments&post=84"}],"version-history":[{"count":1,"href":"https:\/\/www.thulke-komtec.de\/index.php?rest_route=\/wp\/v2\/pages\/84\/revisions"}],"predecessor-version":[{"id":429,"href":"https:\/\/www.thulke-komtec.de\/index.php?rest_route=\/wp\/v2\/pages\/84\/revisions\/429"}],"up":[{"embeddable":true,"href":"https:\/\/www.thulke-komtec.de\/index.php?rest_route=\/wp\/v2\/pages\/74"}],"wp:attachment":[{"href":"https:\/\/www.thulke-komtec.de\/index.php?rest_route=%2Fwp%2Fv2%2Fmedia&parent=84"}],"curies":[{"name":"wp","href":"https:\/\/api.w.org\/{rel}","templated":true}]}}