{"id":8,"date":"2018-01-07T16:06:12","date_gmt":"2018-01-07T16:06:12","guid":{"rendered":"http:\/\/localhost\/wordpress\/?page_id=8"},"modified":"2018-01-07T16:06:12","modified_gmt":"2018-01-07T16:06:12","slug":"kommunikationstechnik","status":"publish","type":"page","link":"https:\/\/www.thulke-komtec.de\/?page_id=8","title":{"rendered":"Kommunikationstechnik"},"content":{"rendered":"<p>\n<b><br \/>\nWir bieten unseren Kunden zuverl\u00e4ssige, kompetente und g\u00fcnstige Unterst\u00fctzung bei der L\u00f6sung kommunikationstechnischer Anwendungen im Bereich klassischer und modularer Hybrid-Kommunikationsanlagen<br \/>\n<\/b>\n<\/p>\n<ul>\n<li>Klassische ISDN-TK-Anlagen<\/li>\n<li>  Hybrid TK-Anlagen<\/li>\n<li>Voice over IP TK-Anlagen<\/li>\n<li> Unifid Messeging (Voice-Mail to E-Mail \/ Fax to E-Mail)<\/li>\n<li> Mobil Extension (Rufweiterleitung durch TK-Anlage mit der M\u00f6glichkeit in der Anlage weiterverbinden zu k\u00f6nnen)<\/li>\n<li>CTI-Aplikationen (Wahl aus dem PC)<\/li>\n<li> DECT-Integration (Schnurlostelefonie innerhalb der TK-Anlage)<\/li>\n<li>ACD-L\u00f6sungen (Callcenter L\u00f6sungen)<\/li>\n<li>GSM-Gateways<\/li>\n<li>Gespr\u00e4chsdatenerfassung (Callcenter \/ Hotel)<\/li>\n<li> Gespr\u00e4chsaufzeichnungssysteme<\/li>\n<li> Anrufbeantworter \/ Headset`s<\/li>\n<li>Faxger\u00e4te \/ Drucker<\/li>\n<\/ul>\n","protected":false},"excerpt":{"rendered":"<p>Wir bieten unseren Kunden zuverl\u00e4ssige, kompetente und g\u00fcnstige Unterst\u00fctzung bei der L\u00f6sung kommunikationstechnischer Anwendungen im Bereich klassischer und modularer Hybrid-Kommunikationsanlagen[&#8230;]<\/p>\n","protected":false},"author":2,"featured_media":0,"parent":6,"menu_order":0,"comment_status":"closed","ping_status":"closed","template":"","meta":{"footnotes":""},"class_list":["post-8","page","type-page","status-publish","hentry"],"_links":{"self":[{"href":"https:\/\/www.thulke-komtec.de\/index.php?rest_route=\/wp\/v2\/pages\/8","targetHints":{"allow":["GET"]}}],"collection":[{"href":"https:\/\/www.thulke-komtec.de\/index.php?rest_route=\/wp\/v2\/pages"}],"about":[{"href":"https:\/\/www.thulke-komtec.de\/index.php?rest_route=\/wp\/v2\/types\/page"}],"author":[{"embeddable":true,"href":"https:\/\/www.thulke-komtec.de\/index.php?rest_route=\/wp\/v2\/users\/2"}],"replies":[{"embeddable":true,"href":"https:\/\/www.thulke-komtec.de\/index.php?rest_route=%2Fwp%2Fv2%2Fcomments&post=8"}],"version-history":[{"count":0,"href":"https:\/\/www.thulke-komtec.de\/index.php?rest_route=\/wp\/v2\/pages\/8\/revisions"}],"up":[{"embeddable":true,"href":"https:\/\/www.thulke-komtec.de\/index.php?rest_route=\/wp\/v2\/pages\/6"}],"wp:attachment":[{"href":"https:\/\/www.thulke-komtec.de\/index.php?rest_route=%2Fwp%2Fv2%2Fmedia&parent=8"}],"curies":[{"name":"wp","href":"https:\/\/api.w.org\/{rel}","templated":true}]}}