{"id":68,"date":"2018-01-07T16:47:34","date_gmt":"2018-01-07T16:47:34","guid":{"rendered":"http:\/\/localhost\/wordpress\/?page_id=68"},"modified":"2018-02-04T13:25:50","modified_gmt":"2018-02-04T13:25:50","slug":"hotelapplikation","status":"publish","type":"page","link":"https:\/\/www.thulke-komtec.de\/?page_id=68","title":{"rendered":"Hotelapplikation"},"content":{"rendered":"<h2>Hotelapplikationen<\/h2>\n<p><strong>Hospitality-Kommunikationsl\u00f6sungen von NEC<\/strong><\/p>\n<p><strong><img loading=\"lazy\" decoding=\"async\" class=\"alignright size-full wp-image-300\" src=\"https:\/\/thulke-komtec.de\/wp-content\/uploads\/2018\/02\/hot1.gif\" alt=\"\" width=\"200\" height=\"163\" \/><\/strong><\/p>\n<p>Die NEC Telefonanlagen bieten grundlegende Hotel-Funktionalit\u00e4ten an: Weckruf, Message-Waiting-Anzeige, G\u00e4ste-Voicemail, direkte Durchwahl zu den Nebenstellen, Zimmerstatus, Check-In\/-Out. Damit k\u00f6nnen Arbeitsabl\u00e4ufe optimiert, Mitarbeiter entlastet und letztendlich der Service f\u00fcr die G\u00e4ste verbessert werden.<\/p>\n<p><strong>Hotelfunktionen<\/strong> (Auszug)<\/p>\n<ul>\n<li>Zimmerstatus: Freigabe per Tastendruck am Telefon durch das Zimmerm\u00e4dchen \/ Hausdame<\/li>\n<li>Check-In \/ -Out: Freischaltung \/\u00a0Blockierung\u00a0des Telefons beim Einchecken\/Auschecken des Gastes f\u00fcr korrekte Rechnungsstellung<\/li>\n<li>Wahlbeschr\u00e4nkung: z. B. Sperrung von Auslandstelefonaten<\/li>\n<li>Der Weckruf kann vom Gast \u00fcber das Telefon eingestellt werden<\/li>\n<li>Message-Waiting-Anzeige<\/li>\n<\/ul>\n<p><strong>PMS Kompatiblit\u00e4t<\/strong><br \/>\nNEC arbeitet eng mit allen gro\u00dfen Anbietern von Property Management Systemen zusammen. Die Telefonanlagen lassen sich sicher und nahtlos in Ihre PMS- und Backoffice-Systems integrieren.<\/p>\n<p><strong>Multimedia mit XML <\/strong><br \/>\n<img loading=\"lazy\" decoding=\"async\" class=\"alignright size-full wp-image-301\" src=\"https:\/\/thulke-komtec.de\/wp-content\/uploads\/2018\/02\/hot2.gif\" alt=\"\" width=\"200\" height=\"149\" \/> \u00dcber die XML-Schnittstelle kann das Telefon f\u00fcr jegliche Anwendung programmiert werden. Bieten Sie z. B. mit dem DT750 Telefon mit Touch Display multimedialen Service: Der Gast kann E-Mails abrufen und Internet-Nachrichtendienste nutzen. Oder\u00a0generieren Sie weiteren Umsatz mit dem Verkauf des XML-Bildschirms f\u00fcr Werbe-Botschaften an externe Anbieter, wie z. B. Taxi-Unternehmen oder Touristikb\u00fcros. Und Sie k\u00f6nnen noch weiter gehen: erm\u00f6glichen Sie dem Gast die direkte Buchung \u00fcber das Touch Display beim externen Anbieter, gegen Provision f\u00fcr Ihr Hotel.<\/p>\n","protected":false},"excerpt":{"rendered":"<p>Hotelapplikationen Hospitality-Kommunikationsl\u00f6sungen von NEC Die NEC Telefonanlagen bieten grundlegende Hotel-Funktionalit\u00e4ten an: Weckruf, Message-Waiting-Anzeige, G\u00e4ste-Voicemail, direkte Durchwahl zu den Nebenstellen, Zimmerstatus,[&#8230;]<\/p>\n","protected":false},"author":2,"featured_media":0,"parent":54,"menu_order":0,"comment_status":"closed","ping_status":"closed","template":"","meta":{"footnotes":""},"class_list":["post-68","page","type-page","status-publish","hentry"],"_links":{"self":[{"href":"https:\/\/www.thulke-komtec.de\/index.php?rest_route=\/wp\/v2\/pages\/68","targetHints":{"allow":["GET"]}}],"collection":[{"href":"https:\/\/www.thulke-komtec.de\/index.php?rest_route=\/wp\/v2\/pages"}],"about":[{"href":"https:\/\/www.thulke-komtec.de\/index.php?rest_route=\/wp\/v2\/types\/page"}],"author":[{"embeddable":true,"href":"https:\/\/www.thulke-komtec.de\/index.php?rest_route=\/wp\/v2\/users\/2"}],"replies":[{"embeddable":true,"href":"https:\/\/www.thulke-komtec.de\/index.php?rest_route=%2Fwp%2Fv2%2Fcomments&post=68"}],"version-history":[{"count":1,"href":"https:\/\/www.thulke-komtec.de\/index.php?rest_route=\/wp\/v2\/pages\/68\/revisions"}],"predecessor-version":[{"id":387,"href":"https:\/\/www.thulke-komtec.de\/index.php?rest_route=\/wp\/v2\/pages\/68\/revisions\/387"}],"up":[{"embeddable":true,"href":"https:\/\/www.thulke-komtec.de\/index.php?rest_route=\/wp\/v2\/pages\/54"}],"wp:attachment":[{"href":"https:\/\/www.thulke-komtec.de\/index.php?rest_route=%2Fwp%2Fv2%2Fmedia&parent=68"}],"curies":[{"name":"wp","href":"https:\/\/api.w.org\/{rel}","templated":true}]}}