{"id":66,"date":"2018-01-07T16:47:16","date_gmt":"2018-01-07T16:47:16","guid":{"rendered":"http:\/\/localhost\/wordpress\/?page_id=66"},"modified":"2018-02-04T18:58:14","modified_gmt":"2018-02-04T18:58:14","slug":"xml-applikationen","status":"publish","type":"page","link":"https:\/\/www.thulke-komtec.de\/?page_id=66","title":{"rendered":"XML Applikationen"},"content":{"rendered":"<h2>XML Applikationen<\/h2>\n<h3 class=\"csc-firstHeader\">Individiuelle Telefonfunktionen: XML Applikationen mit MyXML<\/h3>\n<p>Ob Adressdatenbank, Wettervorhersage oder Geb\u00e4udesicherheit \u2013 das Terminal DT750 der SV8100 Telefonanlage mit extra gro\u00dfem Touch Display kann f\u00fcr jede erdenkliche Anwendung \u00fcber die XML-Schnittstelle personalisiert werden. Hier einige Beispiele:<\/p>\n<p><strong>MyXML Exchange<\/strong><img loading=\"lazy\" decoding=\"async\" class=\"alignright size-full wp-image-307\" src=\"https:\/\/thulke-komtec.de\/wp-content\/uploads\/2018\/02\/xml1.gif\" alt=\"\" width=\"200\" height=\"220\" \/><br \/>\nMit dieser Applikation haben Sie \u00fcber das Telefon-Display direkten Zugriff auf Outlook \u00fcber den Microsoft Exchange Server, inklusive\u00a0Kontaktdetails. Die Daten des Anrufers erscheinen automatisch auf dem Display (Pushfunktion).<\/p>\n<p>&nbsp;<\/p>\n<p>&nbsp;<\/p>\n<p>&nbsp;<\/p>\n<p><strong>LDAP Adressdatenbank-Zugriff<\/strong><strong><img loading=\"lazy\" decoding=\"async\" class=\"alignright size-full wp-image-308\" src=\"https:\/\/thulke-komtec.de\/wp-content\/uploads\/2018\/02\/xml2.gif\" alt=\"\" width=\"200\" height=\"230\" \/><\/strong><br \/>\n<strong>\u00a0<\/strong>(Light weight directory access protocol)<br \/>\nDamit k\u00f6nnen Sie direkt auf die Adressdatenbank des Unternehmens \u00fcber das Telefon-Display zugreifen, Synchronisieren ist nicht mehr notwendig<\/p>\n<p>&nbsp;<\/p>\n<p>&nbsp;<\/p>\n<p>&nbsp;<\/p>\n<p>&nbsp;<\/p>\n<p><strong>News Feed <\/strong><strong><img loading=\"lazy\" decoding=\"async\" class=\"alignright size-full wp-image-309\" src=\"https:\/\/thulke-komtec.de\/wp-content\/uploads\/2018\/02\/xml3.gif\" alt=\"\" width=\"200\" height=\"220\" \/><\/strong><br \/>\nMit dem Internet im Telefon, unabh\u00e4ngig vom PC, k\u00f6nnen Sie E-Mails abrufen und Nachrichtendienste nutzen (Wetter, B\u00f6rse, News, usw.), ideal auch als Service im Hotelzimmer.<\/p>\n<p>&nbsp;<\/p>\n<p>&nbsp;<\/p>\n<p>&nbsp;<\/p>\n<p><strong>Security<br \/>\n<\/strong>Verbinden Sie die Haustechnik mit der Telefonanlage, <strong><img loading=\"lazy\" decoding=\"async\" class=\"alignright size-full wp-image-310\" src=\"https:\/\/thulke-komtec.de\/wp-content\/uploads\/2018\/02\/xml4.gif\" alt=\"\" width=\"200\" height=\"220\" \/><\/strong>dann k\u00f6nnen z. B. Aufnahmen der T\u00fcr-Kamera auf dem Telefon-Display angezeigt oder T\u00fcren per Knopfdruck auf der Telefon-Tastatur ge\u00f6ffnet werden.<\/p>\n","protected":false},"excerpt":{"rendered":"<p>XML Applikationen Individiuelle Telefonfunktionen: XML Applikationen mit MyXML Ob Adressdatenbank, Wettervorhersage oder Geb\u00e4udesicherheit \u2013 das Terminal DT750 der SV8100 Telefonanlage[&#8230;]<\/p>\n","protected":false},"author":2,"featured_media":0,"parent":54,"menu_order":0,"comment_status":"closed","ping_status":"closed","template":"","meta":{"footnotes":""},"class_list":["post-66","page","type-page","status-publish","hentry"],"_links":{"self":[{"href":"https:\/\/www.thulke-komtec.de\/index.php?rest_route=\/wp\/v2\/pages\/66","targetHints":{"allow":["GET"]}}],"collection":[{"href":"https:\/\/www.thulke-komtec.de\/index.php?rest_route=\/wp\/v2\/pages"}],"about":[{"href":"https:\/\/www.thulke-komtec.de\/index.php?rest_route=\/wp\/v2\/types\/page"}],"author":[{"embeddable":true,"href":"https:\/\/www.thulke-komtec.de\/index.php?rest_route=\/wp\/v2\/users\/2"}],"replies":[{"embeddable":true,"href":"https:\/\/www.thulke-komtec.de\/index.php?rest_route=%2Fwp%2Fv2%2Fcomments&post=66"}],"version-history":[{"count":3,"href":"https:\/\/www.thulke-komtec.de\/index.php?rest_route=\/wp\/v2\/pages\/66\/revisions"}],"predecessor-version":[{"id":477,"href":"https:\/\/www.thulke-komtec.de\/index.php?rest_route=\/wp\/v2\/pages\/66\/revisions\/477"}],"up":[{"embeddable":true,"href":"https:\/\/www.thulke-komtec.de\/index.php?rest_route=\/wp\/v2\/pages\/54"}],"wp:attachment":[{"href":"https:\/\/www.thulke-komtec.de\/index.php?rest_route=%2Fwp%2Fv2%2Fmedia&parent=66"}],"curies":[{"name":"wp","href":"https:\/\/api.w.org\/{rel}","templated":true}]}}