{"id":56,"date":"2018-01-07T16:45:36","date_gmt":"2018-01-07T16:45:36","guid":{"rendered":"http:\/\/localhost\/wordpress\/?page_id=56"},"modified":"2018-02-04T18:56:12","modified_gmt":"2018-02-04T18:56:12","slug":"mobile-extension","status":"publish","type":"page","link":"https:\/\/www.thulke-komtec.de\/?page_id=56","title":{"rendered":"Mobile Extension"},"content":{"rendered":"<h2>Mobile Extension<\/h2>\n<p>Anrufe halten und weiterleiten, R\u00fcckfragen an die Vermittlung stellen, Gespr\u00e4che von Kollegen \u00fcbernehmen und an Konferenzen teilnehmen:<\/p>\n<p>Die Applikation Mobile Extension stellt diese und viele weitere Leistungsmerkmale des Telefonsystems\u00a0am Handy und\u00a0andere beliebige Telefone au\u00dferhalb der\u00a0Firmen-Anlage\u00a0bereit.<img loading=\"lazy\" decoding=\"async\" class=\"alignright size-full wp-image-303\" src=\"https:\/\/thulke-komtec.de\/wp-content\/uploads\/2018\/02\/mobext.gif\" alt=\"\" width=\"250\" height=\"270\" \/><\/p>\n<p>Mobile Extension verwandelt die mobilen Telefone Ihrer Mitarbeiter in <strong>virtuelle Nebenstellen des<\/strong><strong> Telefonsystems<\/strong>. Ihren Au\u00dfendienst-Mitarbeitern stehen damit am Handy oder im Home Office nahezu alle Funktionen und Dienste des Telefonsystems zur Verf\u00fcgung. Selbst anspruchsvolle ACD- und Gruppen-Features lassen sich nutzen.<\/p>\n<p>Das bedeutet auch\u00a0<strong>geringere Kommunikationskosten<\/strong>, weil Mobile Extension s\u00e4mtliche Mobilgespr\u00e4che \u00fcber das Festnetz leitet, k\u00f6nnen Sie teure Roaming-Geb\u00fchren sparen und optimal von unternehmensweiten Mobile-Flatrate-Angeboten profitieren.<\/p>\n","protected":false},"excerpt":{"rendered":"<p>Mobile Extension Anrufe halten und weiterleiten, R\u00fcckfragen an die Vermittlung stellen, Gespr\u00e4che von Kollegen \u00fcbernehmen und an Konferenzen teilnehmen: Die[&#8230;]<\/p>\n","protected":false},"author":2,"featured_media":0,"parent":54,"menu_order":0,"comment_status":"closed","ping_status":"closed","template":"","meta":{"footnotes":""},"class_list":["post-56","page","type-page","status-publish","hentry"],"_links":{"self":[{"href":"https:\/\/www.thulke-komtec.de\/index.php?rest_route=\/wp\/v2\/pages\/56","targetHints":{"allow":["GET"]}}],"collection":[{"href":"https:\/\/www.thulke-komtec.de\/index.php?rest_route=\/wp\/v2\/pages"}],"about":[{"href":"https:\/\/www.thulke-komtec.de\/index.php?rest_route=\/wp\/v2\/types\/page"}],"author":[{"embeddable":true,"href":"https:\/\/www.thulke-komtec.de\/index.php?rest_route=\/wp\/v2\/users\/2"}],"replies":[{"embeddable":true,"href":"https:\/\/www.thulke-komtec.de\/index.php?rest_route=%2Fwp%2Fv2%2Fcomments&post=56"}],"version-history":[{"count":2,"href":"https:\/\/www.thulke-komtec.de\/index.php?rest_route=\/wp\/v2\/pages\/56\/revisions"}],"predecessor-version":[{"id":476,"href":"https:\/\/www.thulke-komtec.de\/index.php?rest_route=\/wp\/v2\/pages\/56\/revisions\/476"}],"up":[{"embeddable":true,"href":"https:\/\/www.thulke-komtec.de\/index.php?rest_route=\/wp\/v2\/pages\/54"}],"wp:attachment":[{"href":"https:\/\/www.thulke-komtec.de\/index.php?rest_route=%2Fwp%2Fv2%2Fmedia&parent=56"}],"curies":[{"name":"wp","href":"https:\/\/api.w.org\/{rel}","templated":true}]}}