{"id":52,"date":"2018-01-07T16:39:57","date_gmt":"2018-01-07T16:39:57","guid":{"rendered":"http:\/\/localhost\/wordpress\/?page_id=52"},"modified":"2018-02-04T14:17:19","modified_gmt":"2018-02-04T14:17:19","slug":"erweiterungsmodule","status":"publish","type":"page","link":"https:\/\/www.thulke-komtec.de\/?page_id=52","title":{"rendered":"Erweiterungsmodule"},"content":{"rendered":"<h2>Erweiterungsmodule &#8211; Komfort-Upgrades f\u00fcr Power-User<\/h2>\n<p>F\u00fcr alle, die viel in Kontakt stehen: Mit den Erweiterungsmodulen 110 DSS und 24 DLS r\u00fcsten Power-User ihr NEC Telefon um zus\u00e4tzliche, frei programmierbare Funktionstasten auf. Die Konsolen eignen sich damit ideal f\u00fcr den Einsatz an Abfragepl\u00e4tzen in der Telefonzentrale, f\u00fcr den Einsatz in Chef-\/Sekretariatsumgebungen sowie f\u00fcr alle Mitarbeiter, die das Telefon intensiv nutzen und daher besonders schnellen Zugriff f\u00fcr ihre Verbindungen zu Kunden, Partnern und Kollegen ben\u00f6tigen.<\/p>\n<p><strong>Erweiterungsmodul 110 DSS Konsole<\/strong><\/p>\n<ul>\n<li>100 frei programmierbare Funktionstasten mit zweifarbigen LEDs<img loading=\"lazy\" decoding=\"async\" class=\"alignright size-full wp-image-316\" src=\"https:\/\/thulke-komtec.de\/wp-content\/uploads\/2018\/02\/110.jpg\" alt=\"\" width=\"215\" height=\"201\" \/><\/li>\n<li>Anzeige\u00a0Teilnehmerstatus und Basisfunktionen<\/li>\n<li>10 feste Funktionstasten<\/li>\n<li>2 Ebenen umschaltbar<\/li>\n<li>Sonderbelegung f\u00fcr Hotelanwendungen<\/li>\n<li>Sonderbelegung f\u00fcr Call Center Supervisoren (ACD)<\/li>\n<li>Passend f\u00fcr NEC Telefone 12TH, 12TXH, 24TXH, 24TSXH<\/li>\n<li>Mehrere Konsolen an ein Telefon anschaltbar<\/li>\n<\/ul>\n<p>&nbsp;<\/p>\n<p><strong>Erweiterungsmodul 24 DLS Konsole<\/strong><img loading=\"lazy\" decoding=\"async\" class=\"alignright size-full wp-image-312\" src=\"https:\/\/thulke-komtec.de\/wp-content\/uploads\/2018\/02\/24dls.jpg\" alt=\"\" width=\"200\" height=\"290\" \/><\/p>\n<ul>\n<li>24 frei programmierbare Funktionstasten mit zweifarbigen LEDs<\/li>\n<li>Anzeige\u00a0Teilnehmerstatus und Basisfunktionen<\/li>\n<li>10 feste Funktionstasten<\/li>\n<li>2 Ebenen umschaltbar<\/li>\n<li>Sonderbelegung f\u00fcr Hotelanwendungen<\/li>\n<li>Sonderbelegung f\u00fcr Call Center Supervisoren (ACD)<\/li>\n<li>Passend f\u00fcr NEC Telefone 12TH, 12TXH, 24TXH, 24TSXH<\/li>\n<li>Mechanische Verbindung zum Telefon<\/li>\n<\/ul>\n","protected":false},"excerpt":{"rendered":"<p>Erweiterungsmodule &#8211; Komfort-Upgrades f\u00fcr Power-User F\u00fcr alle, die viel in Kontakt stehen: Mit den Erweiterungsmodulen 110 DSS und 24 DLS[&#8230;]<\/p>\n","protected":false},"author":2,"featured_media":0,"parent":18,"menu_order":0,"comment_status":"closed","ping_status":"closed","template":"","meta":{"footnotes":""},"class_list":["post-52","page","type-page","status-publish","hentry"],"_links":{"self":[{"href":"https:\/\/www.thulke-komtec.de\/index.php?rest_route=\/wp\/v2\/pages\/52","targetHints":{"allow":["GET"]}}],"collection":[{"href":"https:\/\/www.thulke-komtec.de\/index.php?rest_route=\/wp\/v2\/pages"}],"about":[{"href":"https:\/\/www.thulke-komtec.de\/index.php?rest_route=\/wp\/v2\/types\/page"}],"author":[{"embeddable":true,"href":"https:\/\/www.thulke-komtec.de\/index.php?rest_route=\/wp\/v2\/users\/2"}],"replies":[{"embeddable":true,"href":"https:\/\/www.thulke-komtec.de\/index.php?rest_route=%2Fwp%2Fv2%2Fcomments&post=52"}],"version-history":[{"count":1,"href":"https:\/\/www.thulke-komtec.de\/index.php?rest_route=\/wp\/v2\/pages\/52\/revisions"}],"predecessor-version":[{"id":399,"href":"https:\/\/www.thulke-komtec.de\/index.php?rest_route=\/wp\/v2\/pages\/52\/revisions\/399"}],"up":[{"embeddable":true,"href":"https:\/\/www.thulke-komtec.de\/index.php?rest_route=\/wp\/v2\/pages\/18"}],"wp:attachment":[{"href":"https:\/\/www.thulke-komtec.de\/index.php?rest_route=%2Fwp%2Fv2%2Fmedia&parent=52"}],"curies":[{"name":"wp","href":"https:\/\/api.w.org\/{rel}","templated":true}]}}