{"id":50,"date":"2018-01-07T16:38:27","date_gmt":"2018-01-07T16:38:27","guid":{"rendered":"http:\/\/localhost\/wordpress\/?page_id=50"},"modified":"2018-02-04T14:12:49","modified_gmt":"2018-02-04T14:12:49","slug":"aspire-softphone","status":"publish","type":"page","link":"https:\/\/www.thulke-komtec.de\/?page_id=50","title":{"rendered":"Aspire Softphone"},"content":{"rendered":"<h2>Telefonieren per Mausklick &#8211; wo immer Sie wollen<\/h2>\n<p><b><br \/>\nDas Aspire Softphone verbindet den Komfort eines Systemtelefons mit der Freiheit im IP-Datennetz.<br \/>\n<\/b><\/p>\n<p>Das NEC Aspire Softphone erm\u00f6glicht Ihnen komfortables Telefonieren per Mausklick \u2013 ob im B\u00fcro, von zu Hause aus oder unterwegs. \u00dcber die Datenverbindung zu Ihrem Unternehmen k\u00f6nnen Sie \u2013 egal, wo Sie sind \u2013 die Systemleistungsmerkmale Ihres NEC Telefonsystems von \u00fcberall aus nutzen. Die Statusleiste Ihres NEC Aspire Softphones informiert Sie \u00fcber ankommende Anrufe, aktive Rufumleitungen oder andere Stati des Teilnehmers. Per Mausklick nehmen Sie ankommende Anrufe an, f\u00fcr abgehende Gespr\u00e4che tragen Sie die gew\u00fcnsche Rufnummer in das Wahleingabefeld ein und starten die Anwahl mit der Eingabetaste. Alle Statusanzeigen werden am Softphone genauso dargestellt wie an den NEC Systemtelefonen. Das macht Anwendern den Wechsel auf das Telefonieren am PC besonders einfach.<\/p>\n<p><b><br \/>\nNutzen Sie die Gesamtfunktionalit\u00e4t eines Systemtelefons in der Telefonansicht des Softphones.<br \/>\n<\/b><\/p>\n<p><img loading=\"lazy\" decoding=\"async\" class=\"aligncenter size-full wp-image-330\" src=\"https:\/\/thulke-komtec.de\/wp-content\/uploads\/2018\/02\/soft.jpg\" alt=\"\" width=\"300\" height=\"225\" \/><\/p>\n<p><b><br \/>\nAnwendungsbeispiele:<br \/>\n<\/b><\/p>\n<ul>\n<li>Call Center Agent (auch Homebased)<\/li>\n<li>Home Office<\/li>\n<li>Telearbeitspl\u00e4tze<\/li>\n<li>Mitarbeiter im Au\u00dfendienst<\/li>\n<li>PC-Telefonie am Arbeitsplatz<\/li>\n<\/ul>\n","protected":false},"excerpt":{"rendered":"<p>Telefonieren per Mausklick &#8211; wo immer Sie wollen Das Aspire Softphone verbindet den Komfort eines Systemtelefons mit der Freiheit im[&#8230;]<\/p>\n","protected":false},"author":2,"featured_media":0,"parent":18,"menu_order":0,"comment_status":"closed","ping_status":"closed","template":"","meta":{"footnotes":""},"class_list":["post-50","page","type-page","status-publish","hentry"],"_links":{"self":[{"href":"https:\/\/www.thulke-komtec.de\/index.php?rest_route=\/wp\/v2\/pages\/50","targetHints":{"allow":["GET"]}}],"collection":[{"href":"https:\/\/www.thulke-komtec.de\/index.php?rest_route=\/wp\/v2\/pages"}],"about":[{"href":"https:\/\/www.thulke-komtec.de\/index.php?rest_route=\/wp\/v2\/types\/page"}],"author":[{"embeddable":true,"href":"https:\/\/www.thulke-komtec.de\/index.php?rest_route=\/wp\/v2\/users\/2"}],"replies":[{"embeddable":true,"href":"https:\/\/www.thulke-komtec.de\/index.php?rest_route=%2Fwp%2Fv2%2Fcomments&post=50"}],"version-history":[{"count":1,"href":"https:\/\/www.thulke-komtec.de\/index.php?rest_route=\/wp\/v2\/pages\/50\/revisions"}],"predecessor-version":[{"id":394,"href":"https:\/\/www.thulke-komtec.de\/index.php?rest_route=\/wp\/v2\/pages\/50\/revisions\/394"}],"up":[{"embeddable":true,"href":"https:\/\/www.thulke-komtec.de\/index.php?rest_route=\/wp\/v2\/pages\/18"}],"wp:attachment":[{"href":"https:\/\/www.thulke-komtec.de\/index.php?rest_route=%2Fwp%2Fv2%2Fmedia&parent=50"}],"curies":[{"name":"wp","href":"https:\/\/api.w.org\/{rel}","templated":true}]}}