{"id":40,"date":"2018-01-07T16:35:07","date_gmt":"2018-01-07T16:35:07","guid":{"rendered":"http:\/\/localhost\/wordpress\/?page_id=40"},"modified":"2018-02-05T22:02:23","modified_gmt":"2018-02-05T22:02:23","slug":"dect-telefonie","status":"publish","type":"page","link":"https:\/\/www.thulke-komtec.de\/?page_id=40","title":{"rendered":"DECT-Telefonie"},"content":{"rendered":"<h2>DECT-Telefonie &#8211; Mobile Freiheit beim Telefonieren<\/h2>\n<p>Das NEC Aspire Telefonsystem erm\u00f6glicht Ihnen die Nutzung mobiler Telefone nach DECT-Standard. DECT verleiht Ihnen mehr Bewegungsfreiheit beim Telefonieren und sichert Ihnen nicht nur eine bessere Erreichbarkeit, sondern auch kurze Kommunikations- und schnellere Entscheidungswege. Die Anbindung der DECT-Telefone an Ihre NEC Telefonanlage erfolgt \u00fcber die Anschaltung von DECT-Basisstationen. Mitarbeiter mit DECT-Mobilteilen haben Zugriff auf die gleichen Funktionen und Leistungsmerkmale wie an einem drahtgebundenen Komforttelefon \u2013 in bew\u00e4hrter kristallklarer DECT-Sprachqualit\u00e4t und mit nahtlosem Handover ohne Gespr\u00e4chsunterbrechung bei einem Zellenwechsel w\u00e4hrend des Telefonats. \u00dcber Repeater k\u00f6nnen auch Geb\u00e4ude oder Geb\u00e4udeteile, zu denen keine direkte Leitungsverbindung besteht, in die DECT-Infrastruktur integriert werden.<\/p>\n<p>Die Wahl Ihrer DECT-Mobilteile treffen Sie v\u00f6llig frei nach Ihren individuellen Bed\u00fcrfnissen und Anforderungen, denn: Sie k\u00f6nnen im DECT-Funkzellennetz zu Ihrer NEC Telefonanlage jedes DECT-Mobilteil, das dem GAP\/CAP-Standard entspricht und f\u00fcr einen DECT-Infrastrukturbetrieb geeignet ist, einsetzen<\/p>\n<p><b><br \/>\nDECT-Telefone im \u00dcberblick:<br \/>\n<\/b><\/p>\n<ol>\n<li><a href=\"https:\/\/thulke-komtec.de\/?page_id=42\">DECT Mobilteil 5020<\/a><\/li>\n<li><a href=\"https:\/\/thulke-komtec.de\/?page_id=44\">DECT Mobilteil 4040<\/a><\/li>\n<li><a href=\"https:\/\/thulke-komtec.de\/?page_id=46\">DECT Mobilteil 4020<\/a><\/li>\n<li><a href=\"https:\/\/thulke-komtec.de\/?page_id=48\">DECT Mobilteil PP3<\/a><\/li>\n<\/ol>\n","protected":false},"excerpt":{"rendered":"<p>DECT-Telefonie &#8211; Mobile Freiheit beim Telefonieren Das NEC Aspire Telefonsystem erm\u00f6glicht Ihnen die Nutzung mobiler Telefone nach DECT-Standard. DECT verleiht[&#8230;]<\/p>\n","protected":false},"author":2,"featured_media":0,"parent":18,"menu_order":0,"comment_status":"closed","ping_status":"closed","template":"","meta":{"footnotes":""},"class_list":["post-40","page","type-page","status-publish","hentry"],"_links":{"self":[{"href":"https:\/\/www.thulke-komtec.de\/index.php?rest_route=\/wp\/v2\/pages\/40","targetHints":{"allow":["GET"]}}],"collection":[{"href":"https:\/\/www.thulke-komtec.de\/index.php?rest_route=\/wp\/v2\/pages"}],"about":[{"href":"https:\/\/www.thulke-komtec.de\/index.php?rest_route=\/wp\/v2\/types\/page"}],"author":[{"embeddable":true,"href":"https:\/\/www.thulke-komtec.de\/index.php?rest_route=\/wp\/v2\/users\/2"}],"replies":[{"embeddable":true,"href":"https:\/\/www.thulke-komtec.de\/index.php?rest_route=%2Fwp%2Fv2%2Fcomments&post=40"}],"version-history":[{"count":3,"href":"https:\/\/www.thulke-komtec.de\/index.php?rest_route=\/wp\/v2\/pages\/40\/revisions"}],"predecessor-version":[{"id":519,"href":"https:\/\/www.thulke-komtec.de\/index.php?rest_route=\/wp\/v2\/pages\/40\/revisions\/519"}],"up":[{"embeddable":true,"href":"https:\/\/www.thulke-komtec.de\/index.php?rest_route=\/wp\/v2\/pages\/18"}],"wp:attachment":[{"href":"https:\/\/www.thulke-komtec.de\/index.php?rest_route=%2Fwp%2Fv2%2Fmedia&parent=40"}],"curies":[{"name":"wp","href":"https:\/\/api.w.org\/{rel}","templated":true}]}}