{"id":38,"date":"2018-01-07T16:33:05","date_gmt":"2018-01-07T16:33:05","guid":{"rendered":"http:\/\/localhost\/wordpress\/?page_id=38"},"modified":"2018-02-04T14:19:26","modified_gmt":"2018-02-04T14:19:26","slug":"4tixh","status":"publish","type":"page","link":"https:\/\/www.thulke-komtec.de\/?page_id=38","title":{"rendered":"4TIXH"},"content":{"rendered":"<h2>IP-Telefon 4TIXH<\/h2>\n<h3 class=\"csc-firstHeader\">Das IP-Telefon f\u00fcr Wenigtelefonierer<img loading=\"lazy\" decoding=\"async\" class=\"alignright size-full wp-image-313\" src=\"https:\/\/thulke-komtec.de\/wp-content\/uploads\/2018\/02\/24tixh.jpg\" alt=\"\" width=\"250\" height=\"171\" \/><\/h3>\n<p>Das NEC IP-Telefon 4TIXH ist die richtige Wahl f\u00fcr alle Mitarbeiter, die wenig telefonieren und ist damit auch ideal geeignet f\u00fcr den Einsatz au\u00dferhalb klassischer B\u00fcroumgebungen \u2013 ob in der Fertigung, der Lagerbewirtschaftung, im Umfeld der Hausverwaltung \u2013 oder in abgelegenen, seltener benutzten B\u00fcrobereichen wie etwa Archiven. Das Telefon ist in seiner Ausstattung identisch mit dem NEC Systemtelefon 4TXH, wird jedoch als IP-Telefon \u00fcber die integrierte Ethernet-Schnittstelle an das LAN angeschaltet.<\/p>\n<ul>\n<li>Display mit drei Zeilen \u00e0 24 Zeichen<\/li>\n<li>4 frei programmierbare Funktionstasten mit zweifarbigen LEDs<\/li>\n<li>4 interaktive Men\u00fctasten<\/li>\n<li>Freisprechen,\u00a0Lauth\u00f6ren und Durchsage<\/li>\n<li>Tasten f\u00fcr Halten, Gespr\u00e4chs\u00fcbergabe, Mikrofonstummschaltung, Lautst\u00e4rke, Wahlwiederholung, Mitteilung wartet<\/li>\n<li>LED &#8222;Mitteilung wartet&#8220; und Anrufsignalisierung<\/li>\n<li>Pers\u00f6nliches Telefonbuch, Firmentelefonbuch, Anruferliste, Anruferidentifikation, Voice Mail-Zugriff, Konferenzschaltungen, ACD-Funktionalit\u00e4ten<\/li>\n<li>Display-Anzeige in 14 Sprachen verf\u00fcgbar<\/li>\n<li>8 Ruftonmuster mit variabler Einstellung<\/li>\n<li>Power-over-Ethernet nach IEEE 802.3af<\/li>\n<li>Ersatzmodul f\u00fcr LAN-Netzwerkausfall<\/li>\n<li>Integrierte Wandhalterung<\/li>\n<li>Farbe: schwarz\/silber<\/li>\n<\/ul>\n","protected":false},"excerpt":{"rendered":"<p>IP-Telefon 4TIXH Das IP-Telefon f\u00fcr Wenigtelefonierer Das NEC IP-Telefon 4TIXH ist die richtige Wahl f\u00fcr alle Mitarbeiter, die wenig telefonieren[&#8230;]<\/p>\n","protected":false},"author":2,"featured_media":0,"parent":34,"menu_order":0,"comment_status":"closed","ping_status":"closed","template":"","meta":{"footnotes":""},"class_list":["post-38","page","type-page","status-publish","hentry"],"_links":{"self":[{"href":"https:\/\/www.thulke-komtec.de\/index.php?rest_route=\/wp\/v2\/pages\/38","targetHints":{"allow":["GET"]}}],"collection":[{"href":"https:\/\/www.thulke-komtec.de\/index.php?rest_route=\/wp\/v2\/pages"}],"about":[{"href":"https:\/\/www.thulke-komtec.de\/index.php?rest_route=\/wp\/v2\/types\/page"}],"author":[{"embeddable":true,"href":"https:\/\/www.thulke-komtec.de\/index.php?rest_route=\/wp\/v2\/users\/2"}],"replies":[{"embeddable":true,"href":"https:\/\/www.thulke-komtec.de\/index.php?rest_route=%2Fwp%2Fv2%2Fcomments&post=38"}],"version-history":[{"count":1,"href":"https:\/\/www.thulke-komtec.de\/index.php?rest_route=\/wp\/v2\/pages\/38\/revisions"}],"predecessor-version":[{"id":402,"href":"https:\/\/www.thulke-komtec.de\/index.php?rest_route=\/wp\/v2\/pages\/38\/revisions\/402"}],"up":[{"embeddable":true,"href":"https:\/\/www.thulke-komtec.de\/index.php?rest_route=\/wp\/v2\/pages\/34"}],"wp:attachment":[{"href":"https:\/\/www.thulke-komtec.de\/index.php?rest_route=%2Fwp%2Fv2%2Fmedia&parent=38"}],"curies":[{"name":"wp","href":"https:\/\/api.w.org\/{rel}","templated":true}]}}