{"id":34,"date":"2018-01-07T16:32:12","date_gmt":"2018-01-07T16:32:12","guid":{"rendered":"http:\/\/localhost\/wordpress\/?page_id=34"},"modified":"2018-02-05T22:03:54","modified_gmt":"2018-02-05T22:03:54","slug":"ip-telefone","status":"publish","type":"page","link":"https:\/\/www.thulke-komtec.de\/?page_id=34","title":{"rendered":"IP Telefone"},"content":{"rendered":"<h2>IP-Telefone f\u00fcr Ihre NEC Telefonanlage<\/h2>\n<h3>State-of-the-Art: IP-Telefone f\u00fcr Ihre NEC Telefonanlage<\/h3>\n<p>Mit NEC Telefonanlagen steht Ihrem sofortigen Einstieg in die IP-Telefonie nichts mehr im Wege. Ihr Plus mit NEC: die konsequente Durchg\u00e4ngigkeit unserer Endger\u00e4te f\u00fcr die TDM- und IP-Telefonie \u2013 in Design, Bedienung und Funktionalit\u00e4t. Das bedeutet f\u00fcr Ihre Mitarbeiter: Gleiche Bedienung, gleiche Funktionalit\u00e4t \u2013 unabh\u00e4ngig davon, ob sie ein TDM- oder IP-Telefon einsetzen. Ausgefeilte und ausgereifte Quality-of-Service- und Back-up-Mechanismen sorgen f\u00fcr hervorragende Sprachqualit\u00e4t und Ausfallsicherheit auch in der IP-Telefonie Und Sie? Sie k\u00f6nnen ihre Kaufentscheidung ganz nach den jeweiligen infrastrukturellen Gegebenheiten am einzelnen Arbeitsplatz und der VoIP-Migrationsstrategie ihres Unternehmens ausrichten. Alle NEC IP-Telefone verf\u00fcgen standardm\u00e4\u00dfig \u00fcber eine Ethernet-Schnittstelle zur Anschaltung an das LAN oder einen PC.<\/p>\n<p><b><br \/>\nAusstattungsmerkmale der NEC IP Systemtelefone:<br \/>\n<\/b><\/p>\n<ul>\n<li>2-Port-Switch (10\/100) f\u00fcr LAN und PC (RJ45)<\/li>\n<li>Power-over-Ethernet nach IEEE 802.3af<\/li>\n<li>Codec-Optionen: G.711, G.723, G.729a<\/li>\n<li>QoS-Optionen: DiffServ, IP Precedence, IEEE 802.1 pq VLAN<\/li>\n<li>IP-Adresszuweisung: DHCP-Client oder statische Konfiguration<\/li>\n<li>IP-Ausfallsicherheit: Anmeldung an bis zu vier NEC Aspire-Knoten<\/li>\n<li>Optionales Netzteil<\/li>\n<\/ul>\n<p><b><br \/>\nProdukte<br \/>\n<\/b><\/p>\n<ol>\n<li><a href=\"https:\/\/thulke-komtec.de\/?page_id=36\">IP-Telefon 24TIXH<\/a><\/li>\n<li><a href=\"https:\/\/thulke-komtec.de\/?page_id=38\">IP-Telefon 4TIXH<\/a><\/li>\n<\/ol>\n","protected":false},"excerpt":{"rendered":"<p>IP-Telefone f\u00fcr Ihre NEC Telefonanlage State-of-the-Art: IP-Telefone f\u00fcr Ihre NEC Telefonanlage Mit NEC Telefonanlagen steht Ihrem sofortigen Einstieg in die[&#8230;]<\/p>\n","protected":false},"author":2,"featured_media":0,"parent":18,"menu_order":0,"comment_status":"closed","ping_status":"closed","template":"","meta":{"footnotes":""},"class_list":["post-34","page","type-page","status-publish","hentry"],"_links":{"self":[{"href":"https:\/\/www.thulke-komtec.de\/index.php?rest_route=\/wp\/v2\/pages\/34","targetHints":{"allow":["GET"]}}],"collection":[{"href":"https:\/\/www.thulke-komtec.de\/index.php?rest_route=\/wp\/v2\/pages"}],"about":[{"href":"https:\/\/www.thulke-komtec.de\/index.php?rest_route=\/wp\/v2\/types\/page"}],"author":[{"embeddable":true,"href":"https:\/\/www.thulke-komtec.de\/index.php?rest_route=\/wp\/v2\/users\/2"}],"replies":[{"embeddable":true,"href":"https:\/\/www.thulke-komtec.de\/index.php?rest_route=%2Fwp%2Fv2%2Fcomments&post=34"}],"version-history":[{"count":2,"href":"https:\/\/www.thulke-komtec.de\/index.php?rest_route=\/wp\/v2\/pages\/34\/revisions"}],"predecessor-version":[{"id":520,"href":"https:\/\/www.thulke-komtec.de\/index.php?rest_route=\/wp\/v2\/pages\/34\/revisions\/520"}],"up":[{"embeddable":true,"href":"https:\/\/www.thulke-komtec.de\/index.php?rest_route=\/wp\/v2\/pages\/18"}],"wp:attachment":[{"href":"https:\/\/www.thulke-komtec.de\/index.php?rest_route=%2Fwp%2Fv2%2Fmedia&parent=34"}],"curies":[{"name":"wp","href":"https:\/\/api.w.org\/{rel}","templated":true}]}}