{"id":30,"date":"2018-01-07T16:28:37","date_gmt":"2018-01-07T16:28:37","guid":{"rendered":"http:\/\/localhost\/wordpress\/?page_id=30"},"modified":"2018-02-04T14:24:58","modified_gmt":"2018-02-04T14:24:58","slug":"4txh","status":"publish","type":"page","link":"https:\/\/www.thulke-komtec.de\/?page_id=30","title":{"rendered":"4TXH"},"content":{"rendered":"<h2>Das robuste Einstiegsmodell f\u00fcr Wenigtelefonierer<\/h2>\n<p>Das <b>NEC Systemtelefon 4TXH<\/b> ist die richtige Wahl f\u00fcr alle Mitarbeiter, die <img loading=\"lazy\" decoding=\"async\" class=\"alignright size-full wp-image-411\" src=\"https:\/\/thulke-komtec.de\/wp-content\/uploads\/2018\/02\/4txh.jpg\" alt=\"\" width=\"250\" height=\"180\" \/>wenig telefonieren oder an deren Arbeitspl\u00e4tzen das Telefon nur eine Nebenrolle spielt. Robust und zuverl\u00e4ssig, f\u00fchlt sich das NEC Systemtelefon 4TXH auch au\u00dferhalb klassischer B\u00fcroumgebungen zu Hause \u2013 ob in der Fertigung, der Lagerbewirtschaftung, im Umfeld der Hausverwaltung \u2013 oder in abgelegenen, seltener benutzten B\u00fcrobereichen wie etwa Archiven.<\/p>\n<ul>\n<li>Alphanumerisches Display mit drei Zeilen \u00e0 24 Zeichen<\/li>\n<li>4\u00a0frei programmierbare Funktionstasten mit zweifarbigen LEDs<\/li>\n<li>4 interaktive Men\u00fctasten<\/li>\n<li>10 Zielwahltasten<\/li>\n<li>Freisprechen,\u00a0Lauth\u00f6ren und Durchsage<\/li>\n<li>Tasten f\u00fcr Halten, Gespr\u00e4chs\u00fcbergabe, Mikrofonstummschaltung, Lautst\u00e4rke, Wahlwiederholung, Mitteilung wartet<\/li>\n<li>LED &#8222;Mitteilung wartet&#8220; und Anrufsignalisierung<\/li>\n<li>Pers\u00f6nliches Telefonbuch, Firmentelefonbuch, Anruferliste, Anruferidentifikation, Voice Mail-Zugriff, Konferenzschaltungen, ACD-Funktionalit\u00e4ten<\/li>\n<li>Display-Anzeige in 14 Sprachen verf\u00fcgbar<\/li>\n<li>8 Ruftonmuster mit variabler Einstellung<\/li>\n<li>Integrierte Wandhalterung<\/li>\n<li>Farbe: schwarz\/silber<\/li>\n<\/ul>\n","protected":false},"excerpt":{"rendered":"<p>Das robuste Einstiegsmodell f\u00fcr Wenigtelefonierer Das NEC Systemtelefon 4TXH ist die richtige Wahl f\u00fcr alle Mitarbeiter, die wenig telefonieren oder[&#8230;]<\/p>\n","protected":false},"author":2,"featured_media":0,"parent":20,"menu_order":0,"comment_status":"closed","ping_status":"closed","template":"","meta":{"footnotes":""},"class_list":["post-30","page","type-page","status-publish","hentry"],"_links":{"self":[{"href":"https:\/\/www.thulke-komtec.de\/index.php?rest_route=\/wp\/v2\/pages\/30","targetHints":{"allow":["GET"]}}],"collection":[{"href":"https:\/\/www.thulke-komtec.de\/index.php?rest_route=\/wp\/v2\/pages"}],"about":[{"href":"https:\/\/www.thulke-komtec.de\/index.php?rest_route=\/wp\/v2\/types\/page"}],"author":[{"embeddable":true,"href":"https:\/\/www.thulke-komtec.de\/index.php?rest_route=\/wp\/v2\/users\/2"}],"replies":[{"embeddable":true,"href":"https:\/\/www.thulke-komtec.de\/index.php?rest_route=%2Fwp%2Fv2%2Fcomments&post=30"}],"version-history":[{"count":1,"href":"https:\/\/www.thulke-komtec.de\/index.php?rest_route=\/wp\/v2\/pages\/30\/revisions"}],"predecessor-version":[{"id":412,"href":"https:\/\/www.thulke-komtec.de\/index.php?rest_route=\/wp\/v2\/pages\/30\/revisions\/412"}],"up":[{"embeddable":true,"href":"https:\/\/www.thulke-komtec.de\/index.php?rest_route=\/wp\/v2\/pages\/20"}],"wp:attachment":[{"href":"https:\/\/www.thulke-komtec.de\/index.php?rest_route=%2Fwp%2Fv2%2Fmedia&parent=30"}],"curies":[{"name":"wp","href":"https:\/\/api.w.org\/{rel}","templated":true}]}}