{"id":28,"date":"2018-01-07T16:27:30","date_gmt":"2018-01-07T16:27:30","guid":{"rendered":"http:\/\/localhost\/wordpress\/?page_id=28"},"modified":"2018-02-04T14:22:05","modified_gmt":"2018-02-04T14:22:05","slug":"12th","status":"publish","type":"page","link":"https:\/\/www.thulke-komtec.de\/?page_id=28","title":{"rendered":"12TH"},"content":{"rendered":"<h2>Die Alternative f\u00fcr komfortbewusste B\u00fcroanwender<\/h2>\n<p>Das <b>NEC Systemtelefon 12TH<\/b> ist f\u00fcr komfortbewusste B\u00fcroanwender eine <img loading=\"lazy\" decoding=\"async\" class=\"alignright size-full wp-image-405\" src=\"https:\/\/thulke-komtec.de\/wp-content\/uploads\/2018\/02\/12th.jpg\" alt=\"\" width=\"250\" height=\"178\" \/>Alternative zum NEC Systemtelefon 12TXH. Das Telefon ohne Display verf\u00fcgt \u00fcber 12 Funktionstasten, unterscheidet sich sonst aber nicht vom leistungsstarken NEC Systemtelefon 24TXH. Ein ideales Endger\u00e4t f\u00fcr Arbeitspl\u00e4tze mit mittlerem Telefonieaufkommen.<\/p>\n<ul>\n<li>12 frei programmierbare Funktionstasten mit zweifarbigen LEDs<\/li>\n<li>4 interaktive Men\u00fctasten<\/li>\n<li>10 Zielwahltasten<\/li>\n<li>2 Kanaltasten (momentanes Gespr\u00e4ch, wartendes Gespr\u00e4ch)<\/li>\n<li>Freisprechen,\u00a0Lauth\u00f6ren und Durchsage<\/li>\n<li>Tasten f\u00fcr Halten, Gespr\u00e4chs\u00fcbergabe, Mikrofonstummschaltung, Lautst\u00e4rke, Wahlwiederholung, Mitteilung wartet<\/li>\n<li>LED &#8222;Mitteilung wartet&#8220; und Anrufsignalisierung<\/li>\n<li>Integrierter Headsetanschluss<\/li>\n<li>Unterst\u00fctzung von Plug-in-Modulen f\u00fcr 24-Funktionstasten-Erweiterungsmodul, Gespr\u00e4chsaufzeichnung, IP-Adapter, USB- und RS232C-Schnittstelle<\/li>\n<li>Pers\u00f6nliches Telefonbuch, Firmentelefonbuch, Anruferliste, Anruferidentifikation, Voice Mail-Zugriff, Konferenzschaltungen, ACD-Funktionalit\u00e4ten<\/li>\n<li>8 Ruftonmuster mit variabler Einstellung<\/li>\n<li>Integrierte Wandhalterung<\/li>\n<li>Farbe: schwarz\/silber oder wei\u00df\/silber<\/li>\n<\/ul>\n","protected":false},"excerpt":{"rendered":"<p>Die Alternative f\u00fcr komfortbewusste B\u00fcroanwender Das NEC Systemtelefon 12TH ist f\u00fcr komfortbewusste B\u00fcroanwender eine Alternative zum NEC Systemtelefon 12TXH. Das[&#8230;]<\/p>\n","protected":false},"author":2,"featured_media":0,"parent":20,"menu_order":0,"comment_status":"closed","ping_status":"closed","template":"","meta":{"footnotes":""},"class_list":["post-28","page","type-page","status-publish","hentry"],"_links":{"self":[{"href":"https:\/\/www.thulke-komtec.de\/index.php?rest_route=\/wp\/v2\/pages\/28","targetHints":{"allow":["GET"]}}],"collection":[{"href":"https:\/\/www.thulke-komtec.de\/index.php?rest_route=\/wp\/v2\/pages"}],"about":[{"href":"https:\/\/www.thulke-komtec.de\/index.php?rest_route=\/wp\/v2\/types\/page"}],"author":[{"embeddable":true,"href":"https:\/\/www.thulke-komtec.de\/index.php?rest_route=\/wp\/v2\/users\/2"}],"replies":[{"embeddable":true,"href":"https:\/\/www.thulke-komtec.de\/index.php?rest_route=%2Fwp%2Fv2%2Fcomments&post=28"}],"version-history":[{"count":2,"href":"https:\/\/www.thulke-komtec.de\/index.php?rest_route=\/wp\/v2\/pages\/28\/revisions"}],"predecessor-version":[{"id":406,"href":"https:\/\/www.thulke-komtec.de\/index.php?rest_route=\/wp\/v2\/pages\/28\/revisions\/406"}],"up":[{"embeddable":true,"href":"https:\/\/www.thulke-komtec.de\/index.php?rest_route=\/wp\/v2\/pages\/20"}],"wp:attachment":[{"href":"https:\/\/www.thulke-komtec.de\/index.php?rest_route=%2Fwp%2Fv2%2Fmedia&parent=28"}],"curies":[{"name":"wp","href":"https:\/\/api.w.org\/{rel}","templated":true}]}}