{"id":26,"date":"2018-01-07T16:26:12","date_gmt":"2018-01-07T16:26:12","guid":{"rendered":"http:\/\/localhost\/wordpress\/?page_id=26"},"modified":"2018-02-04T14:22:45","modified_gmt":"2018-02-04T14:22:45","slug":"12txh","status":"publish","type":"page","link":"https:\/\/www.thulke-komtec.de\/?page_id=26","title":{"rendered":"12TXH"},"content":{"rendered":"<h2>Das Allround-Telefon f\u00fcr komfortbewusste B\u00fcroanwender<\/h2>\n<p>Das <b>NEC Systemtelefon 12TXH<\/b> ist ein klassisches Allround-Telefon f\u00fcr <img loading=\"lazy\" decoding=\"async\" class=\"alignright size-full wp-image-407\" src=\"https:\/\/thulke-komtec.de\/wp-content\/uploads\/2018\/02\/12txh.jpg\" alt=\"\" width=\"250\" height=\"153\" \/>komfortbewusste B\u00fcroanwender. Es verf\u00fcgt \u00fcber 12 statt 24 Funktionstasten, unterscheidet sich sonst aber nicht vom leistungsstarken NEC Systemtelefon 24TXH. Damit ist das NEC Systemtelefon 12TXH das geradezu ideale Endger\u00e4t f\u00fcr alle Mitarbeiter, die viel Wert auf Komfort und Funktionalit\u00e4t legen, aber lediglich ein mittleres Telefonieaufkommen an ihrem Arbeitsplatz verzeichnen.<\/p>\n<ul>\n<li>Schwenkbares alphanumerisches Display mit drei Zeilen \u00e0 24 Zeichen<\/li>\n<li>12 frei programmierbare Funktionstasten mit zweifarbigen LEDs<\/li>\n<li>4 interaktive Men\u00fctasten<\/li>\n<li>10 Zielwahltasten<\/li>\n<li>2 Kanaltasten (momentanes Gespr\u00e4ch, wartendes Gespr\u00e4ch)<\/li>\n<li>Freisprechen,\u00a0Lauth\u00f6ren und Durchsage<\/li>\n<li>Tasten f\u00fcr Halten, Gespr\u00e4chs\u00fcbergabe, Mikrofonstummschaltung, Lautst\u00e4rke, Wahlwiederholung, Mitteilung wartet<\/li>\n<li>LED &#8222;Mitteilung wartet&#8220; und Anrufsignalisierung<\/li>\n<li>Integrierter Headsetanschluss<\/li>\n<li>Unterst\u00fctzung von Plug-in-Modulen f\u00fcr 24-Funktionstasten-Erweiterungsmodul, Gespr\u00e4chsaufzeichnung, IP-Adapter, USB- und RS232C-Schnittstelle<\/li>\n<li>Pers\u00f6nliches Telefonbuch, Firmentelefonbuch, Anruferliste, Anruferidentifikation, Voice Mail-Zugriff, Konferenzschaltungen, ACD-Funktionalit\u00e4ten<\/li>\n<li>Display-Anzeige in 14 Sprachen verf\u00fcgbar<\/li>\n<li>8 Ruftonmuster mit variabler Einstellung<\/li>\n<li>Integrierte Wandhalterung<\/li>\n<li>Farbe: schwarz\/silber oder wei\u00df\/silber<\/li>\n<\/ul>\n","protected":false},"excerpt":{"rendered":"<p>Das Allround-Telefon f\u00fcr komfortbewusste B\u00fcroanwender Das NEC Systemtelefon 12TXH ist ein klassisches Allround-Telefon f\u00fcr komfortbewusste B\u00fcroanwender. Es verf\u00fcgt \u00fcber 12[&#8230;]<\/p>\n","protected":false},"author":2,"featured_media":0,"parent":20,"menu_order":0,"comment_status":"closed","ping_status":"closed","template":"","meta":{"footnotes":""},"class_list":["post-26","page","type-page","status-publish","hentry"],"_links":{"self":[{"href":"https:\/\/www.thulke-komtec.de\/index.php?rest_route=\/wp\/v2\/pages\/26","targetHints":{"allow":["GET"]}}],"collection":[{"href":"https:\/\/www.thulke-komtec.de\/index.php?rest_route=\/wp\/v2\/pages"}],"about":[{"href":"https:\/\/www.thulke-komtec.de\/index.php?rest_route=\/wp\/v2\/types\/page"}],"author":[{"embeddable":true,"href":"https:\/\/www.thulke-komtec.de\/index.php?rest_route=\/wp\/v2\/users\/2"}],"replies":[{"embeddable":true,"href":"https:\/\/www.thulke-komtec.de\/index.php?rest_route=%2Fwp%2Fv2%2Fcomments&post=26"}],"version-history":[{"count":1,"href":"https:\/\/www.thulke-komtec.de\/index.php?rest_route=\/wp\/v2\/pages\/26\/revisions"}],"predecessor-version":[{"id":408,"href":"https:\/\/www.thulke-komtec.de\/index.php?rest_route=\/wp\/v2\/pages\/26\/revisions\/408"}],"up":[{"embeddable":true,"href":"https:\/\/www.thulke-komtec.de\/index.php?rest_route=\/wp\/v2\/pages\/20"}],"wp:attachment":[{"href":"https:\/\/www.thulke-komtec.de\/index.php?rest_route=%2Fwp%2Fv2%2Fmedia&parent=26"}],"curies":[{"name":"wp","href":"https:\/\/api.w.org\/{rel}","templated":true}]}}