{"id":24,"date":"2018-01-07T16:25:08","date_gmt":"2018-01-07T16:25:08","guid":{"rendered":"http:\/\/localhost\/wordpress\/?page_id=24"},"modified":"2018-02-04T14:24:08","modified_gmt":"2018-02-04T14:24:08","slug":"24txh","status":"publish","type":"page","link":"https:\/\/www.thulke-komtec.de\/?page_id=24","title":{"rendered":"24TXH"},"content":{"rendered":"<h2>Der Allesk\u00f6nner f\u00fcr den anspruchsvollen Vieltelefonierer<\/h2>\n<p>Mit dem <b>NEC Systemtelefon 24TXH<\/b> bleiben keine W\u00fcnsche offen: Das <img loading=\"lazy\" decoding=\"async\" class=\"alignright size-full wp-image-315\" src=\"https:\/\/thulke-komtec.de\/wp-content\/uploads\/2018\/02\/24txh.jpg\" alt=\"\" width=\"250\" height=\"171\" \/>Endger\u00e4t f\u00fcr anspruchsvolle Vieltelefonierer verf\u00fcgt \u00fcber alle Funktionen des High-End-Telefons 24TSXH mit Super-Display und unterscheidet sich lediglich durch das kleinere Display vom Top-Ger\u00e4t der NEC Systemtelefone.<\/p>\n<ul>\n<li>Schwenkbares alphanumerisches Display mit drei Zeilen \u00e0 24 Zeichen<\/li>\n<li>24 frei programmierbare Funktionstasten mit zweifarbigen LEDs<\/li>\n<li>4 interaktive Men\u00fctasten<\/li>\n<li>10 Zielwahltasten<\/li>\n<li>2 Kanaltasten (momentanes Gespr\u00e4ch, wartendes Gespr\u00e4ch)<\/li>\n<li>Freisprechen,\u00a0Lauth\u00f6ren und Durchsage<\/li>\n<li>Tasten f\u00fcr Halten, Gespr\u00e4chs\u00fcbergabe, Mikrofonstummschaltung, Lautst\u00e4rke, Wahlwiederholung, Mitteilung wartet<\/li>\n<li>LED &#8222;Mitteilung wartet&#8220; und Anrufsignalisierung<\/li>\n<li>Integrierter Headsetanschluss<\/li>\n<li>Unterst\u00fctzung von Plug-in-Modulen f\u00fcr 24-Funktionstasten-Erweiterungsmodul, Gespr\u00e4chsaufzeichnung, IP-Adapter, USB- und RS232C-Schnittstelle<\/li>\n<li>Pers\u00f6nliches Telefonbuch, Firmentelefonbuch, Anruferliste, Anruferidentifikation, Voice Mail-Zugriff, Konferenzschaltungen, ACD-Funktionalit\u00e4ten<\/li>\n<li>Display-Anzeige in 14 Sprachen verf\u00fcgbar<\/li>\n<li>8 Ruftonmuster mit variabler Einstellung<\/li>\n<li>Integrierte Wandhalterung<\/li>\n<li>Farbe: schwarz\/silber oder wei\u00df\/silber<\/li>\n<\/ul>\n","protected":false},"excerpt":{"rendered":"<p>Der Allesk\u00f6nner f\u00fcr den anspruchsvollen Vieltelefonierer Mit dem NEC Systemtelefon 24TXH bleiben keine W\u00fcnsche offen: Das Endger\u00e4t f\u00fcr anspruchsvolle Vieltelefonierer[&#8230;]<\/p>\n","protected":false},"author":2,"featured_media":0,"parent":20,"menu_order":0,"comment_status":"closed","ping_status":"closed","template":"","meta":{"footnotes":""},"class_list":["post-24","page","type-page","status-publish","hentry"],"_links":{"self":[{"href":"https:\/\/www.thulke-komtec.de\/index.php?rest_route=\/wp\/v2\/pages\/24","targetHints":{"allow":["GET"]}}],"collection":[{"href":"https:\/\/www.thulke-komtec.de\/index.php?rest_route=\/wp\/v2\/pages"}],"about":[{"href":"https:\/\/www.thulke-komtec.de\/index.php?rest_route=\/wp\/v2\/types\/page"}],"author":[{"embeddable":true,"href":"https:\/\/www.thulke-komtec.de\/index.php?rest_route=\/wp\/v2\/users\/2"}],"replies":[{"embeddable":true,"href":"https:\/\/www.thulke-komtec.de\/index.php?rest_route=%2Fwp%2Fv2%2Fcomments&post=24"}],"version-history":[{"count":1,"href":"https:\/\/www.thulke-komtec.de\/index.php?rest_route=\/wp\/v2\/pages\/24\/revisions"}],"predecessor-version":[{"id":410,"href":"https:\/\/www.thulke-komtec.de\/index.php?rest_route=\/wp\/v2\/pages\/24\/revisions\/410"}],"up":[{"embeddable":true,"href":"https:\/\/www.thulke-komtec.de\/index.php?rest_route=\/wp\/v2\/pages\/20"}],"wp:attachment":[{"href":"https:\/\/www.thulke-komtec.de\/index.php?rest_route=%2Fwp%2Fv2%2Fmedia&parent=24"}],"curies":[{"name":"wp","href":"https:\/\/api.w.org\/{rel}","templated":true}]}}