{"id":20,"date":"2018-01-07T16:21:17","date_gmt":"2018-01-07T16:21:17","guid":{"rendered":"http:\/\/localhost\/wordpress\/?page_id=20"},"modified":"2018-02-05T22:04:42","modified_gmt":"2018-02-05T22:04:42","slug":"systemtelefone","status":"publish","type":"page","link":"https:\/\/www.thulke-komtec.de\/?page_id=20","title":{"rendered":"Systemtelefone"},"content":{"rendered":"<h2>Aspire Systemtelefone &#8211; Komfort nach Ma\u00df<img loading=\"lazy\" decoding=\"async\" class=\"alignright size-full wp-image-327\" src=\"https:\/\/thulke-komtec.de\/wp-content\/uploads\/2018\/02\/RTEmagicC_e8c085e4d4.jpg.jpg\" alt=\"\" width=\"250\" height=\"171\" \/><\/h2>\n<p>Aspire Systemtelefone \u00fcberzeugen durch ihre besonders hohe funktionale Integration mit der leistungsstarken NEC Aspire Telefonanlage f\u00fcr mittelst\u00e4ndische Unternehmen und Kleinbetriebe. \u00dcber frei programmierbare Funktionstasten k\u00f6nnen Sie Aspire Systemtelefone an jedem Arbeitsplatz ma\u00dfgeschneidert an die jeweiligen Kommunikationsanforderungen anpassen. Aspire Systemtelefone sind dar\u00fcber hinaus jederzeit auf IP-Telefonie, das Telefonieren der Zukunft, umr\u00fcstbar. Dies sichert Ihnen langfristig ein H\u00f6chstma\u00df an Investitionssicherheit und er\u00f6ffnet Ihnen optimalen Spielraum f\u00fcr Voice-over-IP-Migrationsstrategien.<\/p>\n<p>Um alle Vorteile des Aspire Telefonsystems komfortabel umsetzen zu k\u00f6nnen, legen wir gro\u00dfen Wert darauf, Erscheinungsform und Bedienung der Aspire Telefone klar zu strukturieren. So lassen sich alle individuellen W\u00fcnsche der Nutzer aus mehr als hundert Leistungsmerkmalen zusammenstellen und ma\u00dfgeschneidert anpassen.<\/p>\n<p><b><br \/>\nWichtige Merkmale der Aspire Systemtelefone:<br \/>\n<\/b><\/p>\n<ul>\n<li>Funktionstasten mit zweifarbigen LEDs<\/li>\n<li>Zielwahltasten<\/li>\n<li>Freisprechen und Lauth\u00f6ren<\/li>\n<li>Direktes Ansprechen und Gegensprechen<\/li>\n<li>Einstellbare Displayneigung<\/li>\n<li>Mehrsprachige Displayanzeigen<\/li>\n<li>Computer-Telefon-Integration (TAPI)<\/li>\n<li>Separater Headset-Anschluss<\/li>\n<li>Sprachhinweise zur Bedienung<\/li>\n<li>Telefonbuch<\/li>\n<li>Adaptermodule: IP, USB, Seriell, Audio, analoger Teilnehmerport<\/li>\n<li>Integrierte Wandhalterung<\/li>\n<li>Ausf\u00fchrung in schwarz oder wei\u00df<\/li>\n<\/ul>\n<p><b><br \/>\nKomfortfunktionen der Aspire Systemtelefone:<br \/>\n<\/b><\/p>\n<ul>\n<li>Durchsagen \u00fcber Telefonlautsprecher<\/li>\n<li>Anruferliste mit Speicher- und Wahlm\u00f6glichkeit<\/li>\n<li>Variable, individuelle Anrufumleitungen<\/li>\n<li>Gespr\u00e4chs\u00fcbernahme per einfachen Tastendruck<\/li>\n<li>Anzeige Durchwahl und Rufnummer des Anrufers (CLIP)<\/li>\n<li>Zweitanrufanzeige mit Rufnummer\/Name des Anrufers<\/li>\n<li>Konferenzen mit bis zu 32 internen und externen Teilnehmern<\/li>\n<li>Durchwahlabwurf<\/li>\n<li>Rufumleitung zu externen Zielen<\/li>\n<li>Vermitteln zu externen Zielen<\/li>\n<li>Projektkennzahlen f\u00fcr Kostenstellenzuweisung<\/li>\n<li>Warten auf Frei<\/li>\n<li>Automatischer R\u00fcckruf<\/li>\n<li>Hintergrundmusik \u00fcber Telefonlautsprecher<\/li>\n<li style=\"list-style-type: none;\"><\/li>\n<\/ul>\n<p><b><br \/>\nProdukte:<br \/>\n<\/b><\/p>\n<ul>\n<li style=\"list-style-type: none;\">\n<ol>\n<li><a href=\"https:\/\/thulke-komtec.de\/?page_id=22\">Systemtelefon 24TSXH<\/a><\/li>\n<li><a href=\"https:\/\/thulke-komtec.de\/?page_id=24\">Systemtelefon 24TXH<\/a><\/li>\n<li><a href=\"https:\/\/thulke-komtec.de\/?page_id=26\">Systemtelefon 12TXH<\/a><\/li>\n<li><a href=\"https:\/\/thulke-komtec.de\/?page_id=28\">Systemtelefon 12TH<\/a><\/li>\n<li><a href=\"https:\/\/thulke-komtec.de\/?page_id=30\">Systemtelefon 4TXH<\/a><\/li>\n<li><a href=\"https:\/\/thulke-komtec.de\/?page_id=32\">Systemtelefon DSLT<\/a><\/li>\n<\/ol>\n<\/li>\n<\/ul>\n","protected":false},"excerpt":{"rendered":"<p>Aspire Systemtelefone &#8211; Komfort nach Ma\u00df Aspire Systemtelefone \u00fcberzeugen durch ihre besonders hohe funktionale Integration mit der leistungsstarken NEC Aspire[&#8230;]<\/p>\n","protected":false},"author":2,"featured_media":0,"parent":18,"menu_order":0,"comment_status":"closed","ping_status":"closed","template":"","meta":{"footnotes":""},"class_list":["post-20","page","type-page","status-publish","hentry"],"_links":{"self":[{"href":"https:\/\/www.thulke-komtec.de\/index.php?rest_route=\/wp\/v2\/pages\/20","targetHints":{"allow":["GET"]}}],"collection":[{"href":"https:\/\/www.thulke-komtec.de\/index.php?rest_route=\/wp\/v2\/pages"}],"about":[{"href":"https:\/\/www.thulke-komtec.de\/index.php?rest_route=\/wp\/v2\/types\/page"}],"author":[{"embeddable":true,"href":"https:\/\/www.thulke-komtec.de\/index.php?rest_route=\/wp\/v2\/users\/2"}],"replies":[{"embeddable":true,"href":"https:\/\/www.thulke-komtec.de\/index.php?rest_route=%2Fwp%2Fv2%2Fcomments&post=20"}],"version-history":[{"count":4,"href":"https:\/\/www.thulke-komtec.de\/index.php?rest_route=\/wp\/v2\/pages\/20\/revisions"}],"predecessor-version":[{"id":521,"href":"https:\/\/www.thulke-komtec.de\/index.php?rest_route=\/wp\/v2\/pages\/20\/revisions\/521"}],"up":[{"embeddable":true,"href":"https:\/\/www.thulke-komtec.de\/index.php?rest_route=\/wp\/v2\/pages\/18"}],"wp:attachment":[{"href":"https:\/\/www.thulke-komtec.de\/index.php?rest_route=%2Fwp%2Fv2%2Fmedia&parent=20"}],"curies":[{"name":"wp","href":"https:\/\/api.w.org\/{rel}","templated":true}]}}