{"id":192,"date":"2018-01-07T15:53:14","date_gmt":"2018-01-07T15:53:14","guid":{"rendered":"http:\/\/localhost\/wordpress\/?page_id=2"},"modified":"2018-02-06T23:49:14","modified_gmt":"2018-02-06T23:49:14","slug":"sample-page-2","status":"publish","type":"page","link":"https:\/\/www.thulke-komtec.de\/","title":{"rendered":"Home"},"content":{"rendered":"<h2>Willkommen auf unserer Homepage!<\/h2>\n<p>Die Thulke Kommunikationstechnik GmbH ist seit 2009 ein im Handelsregister eingetragenes Unternehmen, welches 1988 als Einzelunternehmen Thulke Kommunikationstechnik gegr\u00fcndet wurde. So wurden bereits seit Anfang der 90er Jahre Leistungen erbracht f\u00fcr Handwerk, Gewerbe und Industrie sowie f\u00fcr das Hotel- und Bankgewerbe mit Beratung, Planung, Lieferung, Montage und Service von Produkten der:<\/p>\n<ul>\n<li><a href=\"https:\/\/thulke-komtec.de\/?page_id=8\">Kommunikationstechnik<\/a><\/li>\n<li><a href=\"https:\/\/thulke-komtec.de\/?page_id=86\">Netzwerktechnik<\/a><\/li>\n<li><a href=\"https:\/\/thulke-komtec.de\/?page_id=88\">Sicherheitstechnik<\/a><\/li>\n<\/ul>\n<p><img loading=\"lazy\" decoding=\"async\" class=\"aligncenter wp-image-454 size-full\" src=\"https:\/\/thulke-komtec.de\/wp-content\/uploads\/2018\/02\/startseitenlogo.gif\" alt=\"\" width=\"400\" height=\"80\" \/><\/p>\n","protected":false},"excerpt":{"rendered":"<p>Willkommen auf unserer Homepage! Die Thulke Kommunikationstechnik GmbH ist seit 2009 ein im Handelsregister eingetragenes Unternehmen, welches 1988 als Einzelunternehmen[&#8230;]<\/p>\n","protected":false},"author":2,"featured_media":0,"parent":0,"menu_order":0,"comment_status":"closed","ping_status":"closed","template":"","meta":{"footnotes":""},"class_list":["post-192","page","type-page","status-publish","hentry"],"_links":{"self":[{"href":"https:\/\/www.thulke-komtec.de\/index.php?rest_route=\/wp\/v2\/pages\/192","targetHints":{"allow":["GET"]}}],"collection":[{"href":"https:\/\/www.thulke-komtec.de\/index.php?rest_route=\/wp\/v2\/pages"}],"about":[{"href":"https:\/\/www.thulke-komtec.de\/index.php?rest_route=\/wp\/v2\/types\/page"}],"author":[{"embeddable":true,"href":"https:\/\/www.thulke-komtec.de\/index.php?rest_route=\/wp\/v2\/users\/2"}],"replies":[{"embeddable":true,"href":"https:\/\/www.thulke-komtec.de\/index.php?rest_route=%2Fwp%2Fv2%2Fcomments&post=192"}],"version-history":[{"count":5,"href":"https:\/\/www.thulke-komtec.de\/index.php?rest_route=\/wp\/v2\/pages\/192\/revisions"}],"predecessor-version":[{"id":530,"href":"https:\/\/www.thulke-komtec.de\/index.php?rest_route=\/wp\/v2\/pages\/192\/revisions\/530"}],"wp:attachment":[{"href":"https:\/\/www.thulke-komtec.de\/index.php?rest_route=%2Fwp%2Fv2%2Fmedia&parent=192"}],"curies":[{"name":"wp","href":"https:\/\/api.w.org\/{rel}","templated":true}]}}