{"id":18,"date":"2018-01-07T16:15:16","date_gmt":"2018-01-07T16:15:16","guid":{"rendered":"http:\/\/localhost\/wordpress\/?page_id=18"},"modified":"2018-02-05T22:00:00","modified_gmt":"2018-02-05T22:00:00","slug":"aspire","status":"publish","type":"page","link":"https:\/\/www.thulke-komtec.de\/?page_id=18","title":{"rendered":"Aspire"},"content":{"rendered":"<h2>Kommunikation ohne Kompromisse<\/h2>\n<p><b><br \/>\nAspire ist eine ganzheitliche Kommunikationsl\u00f6sung, die alle heutigen Kommunikationstechnologien auf einer einzigen und durchg\u00e4ngigen Plattform vereint.<br \/>\n<\/b><\/p>\n<p><img loading=\"lazy\" decoding=\"async\" class=\"aligncenter size-medium wp-image-341\" src=\"https:\/\/thulke-komtec.de\/wp-content\/uploads\/2018\/02\/RTEmagicC_Aspire_plus_12TXH_small_07-1.jpg-1-300x206.jpg\" alt=\"\" width=\"300\" height=\"206\" \/><\/p>\n<p>NEC Aspire steht f\u00fcr IP-Telefonie der neuesten Generation. Aspire integriert die Funktionalit\u00e4ten, die Sie von einem modernen Telefonsystem heute erwarten \u2013 kompromisslos auf dem IP-Highway.<\/p>\n<p>Sie schlie\u00dfen Ihre Telefone einfach an das LAN Ihres B\u00fcros oder Ihre Telefonverkabelung an und kommunizieren \u00fcber den Office-Router mit Kunden und Partnern.<\/p>\n<p>Schnelle, zuverl\u00e4ssige und sichere Kommunikation verbindet Unternehmen und h\u00e4lt Ihre Gesch\u00e4fte am Laufen. Heute k\u00f6nnen Sie Ihr B\u00fcro \u00fcberall auf der Welt haben \u2013 das Zusammenwachsen von \u00f6ffentlichen Netzen, Breitband- und Mobiltechnologien macht es Ihnen m\u00f6glich.<\/p>\n<p>Download: <a href=\"http:\/\/www.thulke-komtec.de\/downloads\/Broschuere_NEC_Aspire_DE.pdf\" target=\"blank\">Brosch\u00fcre NEC Aspire<\/a><\/p>\n","protected":false},"excerpt":{"rendered":"<p>Kommunikation ohne Kompromisse Aspire ist eine ganzheitliche Kommunikationsl\u00f6sung, die alle heutigen Kommunikationstechnologien auf einer einzigen und durchg\u00e4ngigen Plattform vereint. NEC[&#8230;]<\/p>\n","protected":false},"author":2,"featured_media":0,"parent":10,"menu_order":0,"comment_status":"closed","ping_status":"closed","template":"","meta":{"footnotes":""},"class_list":["post-18","page","type-page","status-publish","hentry"],"_links":{"self":[{"href":"https:\/\/www.thulke-komtec.de\/index.php?rest_route=\/wp\/v2\/pages\/18","targetHints":{"allow":["GET"]}}],"collection":[{"href":"https:\/\/www.thulke-komtec.de\/index.php?rest_route=\/wp\/v2\/pages"}],"about":[{"href":"https:\/\/www.thulke-komtec.de\/index.php?rest_route=\/wp\/v2\/types\/page"}],"author":[{"embeddable":true,"href":"https:\/\/www.thulke-komtec.de\/index.php?rest_route=\/wp\/v2\/users\/2"}],"replies":[{"embeddable":true,"href":"https:\/\/www.thulke-komtec.de\/index.php?rest_route=%2Fwp%2Fv2%2Fcomments&post=18"}],"version-history":[{"count":6,"href":"https:\/\/www.thulke-komtec.de\/index.php?rest_route=\/wp\/v2\/pages\/18\/revisions"}],"predecessor-version":[{"id":517,"href":"https:\/\/www.thulke-komtec.de\/index.php?rest_route=\/wp\/v2\/pages\/18\/revisions\/517"}],"up":[{"embeddable":true,"href":"https:\/\/www.thulke-komtec.de\/index.php?rest_route=\/wp\/v2\/pages\/10"}],"wp:attachment":[{"href":"https:\/\/www.thulke-komtec.de\/index.php?rest_route=%2Fwp%2Fv2%2Fmedia&parent=18"}],"curies":[{"name":"wp","href":"https:\/\/api.w.org\/{rel}","templated":true}]}}