{"id":16,"date":"2018-01-07T16:13:42","date_gmt":"2018-01-07T16:13:42","guid":{"rendered":"http:\/\/localhost\/wordpress\/?page_id=16"},"modified":"2018-02-05T22:06:39","modified_gmt":"2018-02-05T22:06:39","slug":"ip-dect","status":"publish","type":"page","link":"https:\/\/www.thulke-komtec.de\/?page_id=16","title":{"rendered":"IP DECT"},"content":{"rendered":"<h2><strong>Schnurlos Telefonieren und mehr<\/strong><\/h2>\n<ul>\n<li><span style=\"font-family: verdana, geneva;\">Ihre Mitarbeiter m\u00fcssen flexibel, mobil und trotzdem immer erreichbar sein? <\/span><\/li>\n<li><span style=\"font-family: verdana, geneva;\">Sie m\u00f6chten die Reichweite Ihres Telefonnetzwerks maximieren und gleichzeitig die Kommunikationskosten senken?<\/span><\/li>\n<li><span style=\"font-family: verdana, geneva;\">Sie m\u00f6chten alle Funktionen der Desktop-Telefone auch f\u00fcr Ihre Schnurlos-Telefone?<\/span><\/li>\n<li><span style=\"font-family: verdana, geneva;\">Sie m\u00f6chten VoIP f\u00fcr schnurlose Technologie einsetzten, ohne Sprachqualit\u00e4t, Verf\u00fcgbarkeit und Sicherheit einzub\u00fc\u00dfen?<\/span><\/li>\n<\/ul>\n<p><span style=\"font-family: verdana, geneva;\">Das alles bekommen\u00a0Sie mit einem einzigen System: <strong>UNIVERGE SV8100 von NEC<\/strong>.<\/span><\/p>\n<p><strong>Erweitern Sie Ihr Netzwerk<br \/>\n<\/strong>IP DECT ingriert sich problemlos in vorhandene Anwendungen, da diese Teil derselben Netzwerk-Infrastruktur sind. Bei weitl\u00e4ufigem Betriebsgel\u00e4nde, mehreren Geb\u00e4uden oder Zweigstellen werden lediglich IP DECT Access Points an den Standorten installliert.<\/p>\n<p><strong>Offene Architektur<br \/>\n<\/strong>NEC IP DECT bietet hohe Kompatiblit\u00e4t, da es auf den SIP und GAP-Standards basiert.<\/p>\n<p><strong>Die wichtigsten Funktionen<\/strong><\/p>\n<ul>\n<li><span style=\"font-family: verdana, geneva;\">Firmenverzeichnis und Anwesenheitsstatus<\/span><\/li>\n<li><span style=\"font-family: verdana, geneva;\">Texnachrichten und Alarmrufe<\/span><\/li>\n<li><span style=\"font-family: verdana, geneva;\">Standorterkennung<\/span><\/li>\n<li><span style=\"font-family: verdana, geneva;\"><span class=\"download\">Funktions\u00fcbersicht<\/span><\/span><\/li>\n<\/ul>\n<p><span style=\"font-family: verdana, geneva;\">Die Modelle C124, G355 und G955 sind Schnurlos-Telefone f\u00fcr mobile B\u00fcroanwender. F\u00fcr den Einsatz in rauer Umgebung bietet NEC den <span class=\"internal-link\">I755<\/span>.<\/span><\/p>\n<p><span style=\"font-family: verdana, geneva;\">Mit dem <span class=\"internal-link\">M155 Messenger<\/span> tragen Sie Ihr Telefon am Handgelenk \u2013 ein Maximum an Mobilit\u00e4t.<\/span><\/p>\n<p>Download: <a title=\"xn-serie\" href=\"http:\/\/www.thulke-komtec.de\/downloads\/NEC_IPDECT.pdf\" target=\"_blank\" rel=\"noopener\">Brosch\u00fcre IP DECT<\/a><\/p>\n","protected":false},"excerpt":{"rendered":"<p>Schnurlos Telefonieren und mehr Ihre Mitarbeiter m\u00fcssen flexibel, mobil und trotzdem immer erreichbar sein? Sie m\u00f6chten die Reichweite Ihres Telefonnetzwerks[&#8230;]<\/p>\n","protected":false},"author":2,"featured_media":0,"parent":12,"menu_order":0,"comment_status":"closed","ping_status":"closed","template":"","meta":{"footnotes":""},"class_list":["post-16","page","type-page","status-publish","hentry"],"_links":{"self":[{"href":"https:\/\/www.thulke-komtec.de\/index.php?rest_route=\/wp\/v2\/pages\/16","targetHints":{"allow":["GET"]}}],"collection":[{"href":"https:\/\/www.thulke-komtec.de\/index.php?rest_route=\/wp\/v2\/pages"}],"about":[{"href":"https:\/\/www.thulke-komtec.de\/index.php?rest_route=\/wp\/v2\/types\/page"}],"author":[{"embeddable":true,"href":"https:\/\/www.thulke-komtec.de\/index.php?rest_route=\/wp\/v2\/users\/2"}],"replies":[{"embeddable":true,"href":"https:\/\/www.thulke-komtec.de\/index.php?rest_route=%2Fwp%2Fv2%2Fcomments&post=16"}],"version-history":[{"count":3,"href":"https:\/\/www.thulke-komtec.de\/index.php?rest_route=\/wp\/v2\/pages\/16\/revisions"}],"predecessor-version":[{"id":523,"href":"https:\/\/www.thulke-komtec.de\/index.php?rest_route=\/wp\/v2\/pages\/16\/revisions\/523"}],"up":[{"embeddable":true,"href":"https:\/\/www.thulke-komtec.de\/index.php?rest_route=\/wp\/v2\/pages\/12"}],"wp:attachment":[{"href":"https:\/\/www.thulke-komtec.de\/index.php?rest_route=%2Fwp%2Fv2%2Fmedia&parent=16"}],"curies":[{"name":"wp","href":"https:\/\/api.w.org\/{rel}","templated":true}]}}