{"id":12,"date":"2018-01-07T16:11:30","date_gmt":"2018-01-07T16:11:30","guid":{"rendered":"http:\/\/localhost\/wordpress\/?page_id=12"},"modified":"2018-02-05T22:07:11","modified_gmt":"2018-02-05T22:07:11","slug":"univerge-sv8100","status":"publish","type":"page","link":"https:\/\/www.thulke-komtec.de\/?page_id=12","title":{"rendered":"UNIVERGE SV8100"},"content":{"rendered":"<p><b><br \/>\nZukunftssicheres Kommunikationssystem f\u00fcr kleine und mittelst\u00e4ndische Unternehmen<br \/>\n<\/b><\/p>\n<p>Mit der neuen UNIVERGE SV8000 Produktreihe bietet NEC kleinen und mittelst\u00e4ndischen Unternehmen eine moderne und umfassende Kommunikationsl\u00f6sung.<img loading=\"lazy\" decoding=\"async\" class=\"alignright wp-image-344 size-medium\" src=\"https:\/\/thulke-komtec.de\/wp-content\/uploads\/2018\/02\/DT750_Holz_510x600-255x300.gif\" alt=\"\" width=\"255\" height=\"300\" \/><\/p>\n<p>Dank des modularen Prinzips kann die Anlage optimal an die individuellen Bed\u00fcrfnisse des Anwenders angepasst werden. Dabei k\u00f6nnen die einzelnen Komponenten des Systems an unterschiedlichen Orten weltweit aufgestellt, miteinander verbunden und zentral verwaltet werden \u2013 das ist praktisch und spart Geld. Redundanz garantiert h\u00f6chste Verf\u00fcgbarkeit.<\/p>\n<p><video controls=\"controls\" width=\"300\" height=\"150\"><source src=\"https:\/\/www.thulke-komtec.de\/video\/necvideomp4.mp4\" type=\"video\/mp4\" \/><\/video><\/p>\n<p>&nbsp;<\/p>\n<h3>UNIVERGE SV8100 Systemtelefone<\/h3>\n<p>Zum SV8100 Kommunikationssystem geh\u00f6rt eine Familie von IP-basierten und ditalen Endger\u00e4ten f\u00fcr den B\u00fcrotisch sowie Schnurlos-Telefone.<\/p>\n<p>Die Besonderheit: Mit dem modularen Design k\u00f6nnen Sie Ihr Desktop-Telefon nach Ihren Anforderungen zusammensetzen. Es ergeben sich bis zu 8000 Kombinationen!<img loading=\"lazy\" decoding=\"async\" class=\"alignright wp-image-343 size-medium\" src=\"https:\/\/thulke-komtec.de\/wp-content\/uploads\/2018\/02\/DT330_730_Desiless_weiss_512x600-256x300.gif\" alt=\"\" width=\"256\" height=\"300\" \/><\/p>\n<p>\u00c4ndern sich Ihre Anforderungen im Laufe der Zeit? Dann k\u00f6nnen Sie das Telefon ohne teuren Komlettaustausch anpassen.<\/p>\n<p>Die SV8100 Systemtelefone sind auch in modernem Wei\u00df, LCD-Tastur (Desi-less) und optionalem Zubeh\u00f6r erh\u00e4ltlich. \u00dcber XML Applikationen k\u00f6nnen die IP Endger\u00e4te f\u00fcr jede erdenkliche Anwendung personalisiert werden.<\/p>\n<p><img loading=\"lazy\" decoding=\"async\" class=\"alignright size-full wp-image-347\" src=\"https:\/\/thulke-komtec.de\/wp-content\/uploads\/2018\/02\/SV8100_Plattform_Quer-2.gif\" alt=\"\" width=\"550\" height=\"403\" \/><\/p>\n<p>Download: Brosch\u00fcre UNIVERGE SV8100<\/p>\n<ol>\n<li><a href=\"https:\/\/thulke-komtec.de\/?page_id=14\">Desktop-Telefone<\/a><\/li>\n<li><a href=\"https:\/\/thulke-komtec.de\/?page_id=16\">IP DECT<\/a><\/li>\n<\/ol>\n","protected":false},"excerpt":{"rendered":"<p>Zukunftssicheres Kommunikationssystem f\u00fcr kleine und mittelst\u00e4ndische Unternehmen Mit der neuen UNIVERGE SV8000 Produktreihe bietet NEC kleinen und mittelst\u00e4ndischen Unternehmen eine[&#8230;]<\/p>\n","protected":false},"author":2,"featured_media":0,"parent":10,"menu_order":0,"comment_status":"closed","ping_status":"closed","template":"","meta":{"footnotes":""},"class_list":["post-12","page","type-page","status-publish","hentry"],"_links":{"self":[{"href":"https:\/\/www.thulke-komtec.de\/index.php?rest_route=\/wp\/v2\/pages\/12","targetHints":{"allow":["GET"]}}],"collection":[{"href":"https:\/\/www.thulke-komtec.de\/index.php?rest_route=\/wp\/v2\/pages"}],"about":[{"href":"https:\/\/www.thulke-komtec.de\/index.php?rest_route=\/wp\/v2\/types\/page"}],"author":[{"embeddable":true,"href":"https:\/\/www.thulke-komtec.de\/index.php?rest_route=\/wp\/v2\/users\/2"}],"replies":[{"embeddable":true,"href":"https:\/\/www.thulke-komtec.de\/index.php?rest_route=%2Fwp%2Fv2%2Fcomments&post=12"}],"version-history":[{"count":6,"href":"https:\/\/www.thulke-komtec.de\/index.php?rest_route=\/wp\/v2\/pages\/12\/revisions"}],"predecessor-version":[{"id":524,"href":"https:\/\/www.thulke-komtec.de\/index.php?rest_route=\/wp\/v2\/pages\/12\/revisions\/524"}],"up":[{"embeddable":true,"href":"https:\/\/www.thulke-komtec.de\/index.php?rest_route=\/wp\/v2\/pages\/10"}],"wp:attachment":[{"href":"https:\/\/www.thulke-komtec.de\/index.php?rest_route=%2Fwp%2Fv2%2Fmedia&parent=12"}],"curies":[{"name":"wp","href":"https:\/\/api.w.org\/{rel}","templated":true}]}}