{"id":10,"date":"2018-01-07T16:07:21","date_gmt":"2018-01-07T16:07:21","guid":{"rendered":"http:\/\/localhost\/wordpress\/?page_id=10"},"modified":"2018-02-04T13:15:15","modified_gmt":"2018-02-04T13:15:15","slug":"nec","status":"publish","type":"page","link":"https:\/\/www.thulke-komtec.de\/?page_id=10","title":{"rendered":"NEC"},"content":{"rendered":"<p>NEC ist einer der weltweit gr\u00f6\u00dften Telekommunikationsanbieter und nimmt auf den internationalen M\u00e4rkten eine herausragende Stellung ein. Millionen von Kunden in aller Welt greifen zu NEC-L\u00f6sungen, ob bei herk\u00f6mmlicher oder IP-Telefonie.<img loading=\"lazy\" decoding=\"async\" class=\"alignright size-medium wp-image-344\" src=\"https:\/\/thulke-komtec.de\/wp-content\/uploads\/2018\/02\/DT750_Holz_510x600-255x300.gif\" alt=\"\" width=\"255\" height=\"300\" \/><\/p>\n<p>NEC Infrontia ist als Teil der global t\u00e4tigen NEC Corporation der gr\u00f6\u00dfte Anbieter von Telefonsystemen f\u00fcr kleine und mittlere Unternehmen in Japan. Das Unternehmen verf\u00fcgt \u00fcber die technischen Ressourcen, um sicherstellen zu k\u00f6nnen, dass Ihre Kunden an allen neuen Entwicklungen teilhaben k\u00f6nnen, ob ISDN, CTI, IP-Telefonie, Data Integration, DECT oder andere neue Technologien.<\/p>\n<p>Das tiefe technologische Wissen von NEC wird auf der ganzen Welt gesch\u00e4tzt. NEC ist als einziges globales Unternehmen der Welt sowohl unter den Top 5 der Computerbranche als auch der Telekommunikationsbranche zu finden. Unsere technologische St\u00e4rke hat dazu gef\u00fchrt, dass NEC weltweit bei den beantragten Patenten an dritter Stelle liegt. Jedes Jahr werden mehr als 2 Milliarden Britische Pfund in die Forschung f\u00fcr neue Produkte investiert. Beispiele f\u00fcr aktuelle L\u00f6sungen von NEC sind:<\/p>\n<p>Aspire, XN120, DXE, Sprachverarbeitung, Callcenter, Sprachausgabe, DECT<\/p>\n","protected":false},"excerpt":{"rendered":"<p>NEC ist einer der weltweit gr\u00f6\u00dften Telekommunikationsanbieter und nimmt auf den internationalen M\u00e4rkten eine herausragende Stellung ein. Millionen von Kunden[&#8230;]<\/p>\n","protected":false},"author":2,"featured_media":0,"parent":8,"menu_order":0,"comment_status":"closed","ping_status":"closed","template":"","meta":{"footnotes":""},"class_list":["post-10","page","type-page","status-publish","hentry"],"_links":{"self":[{"href":"https:\/\/www.thulke-komtec.de\/index.php?rest_route=\/wp\/v2\/pages\/10","targetHints":{"allow":["GET"]}}],"collection":[{"href":"https:\/\/www.thulke-komtec.de\/index.php?rest_route=\/wp\/v2\/pages"}],"about":[{"href":"https:\/\/www.thulke-komtec.de\/index.php?rest_route=\/wp\/v2\/types\/page"}],"author":[{"embeddable":true,"href":"https:\/\/www.thulke-komtec.de\/index.php?rest_route=\/wp\/v2\/users\/2"}],"replies":[{"embeddable":true,"href":"https:\/\/www.thulke-komtec.de\/index.php?rest_route=%2Fwp%2Fv2%2Fcomments&post=10"}],"version-history":[{"count":2,"href":"https:\/\/www.thulke-komtec.de\/index.php?rest_route=\/wp\/v2\/pages\/10\/revisions"}],"predecessor-version":[{"id":379,"href":"https:\/\/www.thulke-komtec.de\/index.php?rest_route=\/wp\/v2\/pages\/10\/revisions\/379"}],"up":[{"embeddable":true,"href":"https:\/\/www.thulke-komtec.de\/index.php?rest_route=\/wp\/v2\/pages\/8"}],"wp:attachment":[{"href":"https:\/\/www.thulke-komtec.de\/index.php?rest_route=%2Fwp%2Fv2%2Fmedia&parent=10"}],"curies":[{"name":"wp","href":"https:\/\/api.w.org\/{rel}","templated":true}]}}